{"id":404,"date":"2015-11-30T15:50:46","date_gmt":"2015-11-30T14:50:46","guid":{"rendered":"https:\/\/mikedehouck.nl\/fr\/?page_id=404"},"modified":"2019-04-01T16:04:16","modified_gmt":"2019-04-01T15:04:16","slug":"label","status":"publish","type":"page","link":"https:\/\/mikedehouck.nl\/fr\/commerce-de-gros-de-poissons\/label\/","title":{"rendered":"Label"},"content":{"rendered":"<section class=\"l-section wpb_row height_medium\"><div class=\"l-section-h i-cf\"><div class=\"g-cols vc_row type_default valign_top\"><div class=\"vc_col-sm-6 wpb_column vc_column_container\"><div class=\"vc_column-inner\"><div class=\"wpb_wrapper\">\r\n\t<div class=\"wpb_text_column \">\r\n\t\t<div class=\"wpb_wrapper\">\r\n\t\t\t<p>Une gestion durable des populations piscicoles est selon nous une question importante. Nous d\u00e9sirons contribuer \u00e0 limiter le plus possible les nuisances inflig\u00e9es \u00e0 la faune marine, ce que nous pouvons faire en maintenant les prises accessoires \u00e0 un minimum. C\u2019est la raison pour laquelle nous vendons aussi notre poisson avec le label MSC (Marine Stewardship Council)\u00a0et \u00e9galement du label ASC pour les alevins, car m\u00eame si le poisson de la mer du Nord constitue notre sp\u00e9cialit\u00e9, nous fournissons aussi des alevins selon vos souhaits.<\/p>\n\r\n\t\t<\/div>\r\n\t<\/div>\r\n<div class=\"w-separator size_medium\"><\/div><\/div><\/div><\/div><div class=\"vc_col-sm-6 wpb_column vc_column_container\"><div class=\"vc_column-inner\"><div class=\"wpb_wrapper\"><div class=\"w-image align_none\"><div class=\"w-image-h\"><img loading=\"lazy\" decoding=\"async\" width=\"591\" height=\"502\" src=\"https:\/\/mikedehouck.nl\/wp-content\/uploads\/2015\/11\/keurmerken-vis-asc-en-msc.png\" class=\"attachment-full size-full\" alt=\"\" srcset=\"https:\/\/mikedehouck.nl\/wp-content\/uploads\/2015\/11\/keurmerken-vis-asc-en-msc.png 591w, https:\/\/mikedehouck.nl\/wp-content\/uploads\/2015\/11\/keurmerken-vis-asc-en-msc-300x255.png 300w\" sizes=\"auto, (max-width: 591px) 100vw, 591px\" \/><\/div><\/div><\/div><\/div><\/div><\/div><\/div><\/section>\n","protected":false},"excerpt":{"rendered":"Une gestion durable des populations piscicoles est selon nous une question importante. Nous d\u00e9sirons contribuer \u00e0 limiter le plus possible les nuisances inflig\u00e9es \u00e0 la faune marine, ce que nous pouvons faire en maintenant les prises accessoires \u00e0 un minimum. C\u2019est la raison pour laquelle nous vendons aussi notre poisson avec le label MSC (Marine...","protected":false},"author":2,"featured_media":0,"parent":394,"menu_order":0,"comment_status":"closed","ping_status":"closed","template":"","meta":{"footnotes":""},"class_list":["post-404","page","type-page","status-publish","hentry"],"yoast_head":"<!-- This site is optimized with the Yoast SEO plugin v27.1.1 - https:\/\/yoast.com\/product\/yoast-seo-wordpress\/ -->\n<title>Label - Mike de Houck<\/title>\n<meta name=\"robots\" content=\"index, follow, max-snippet:-1, max-image-preview:large, max-video-preview:-1\" \/>\n<link rel=\"canonical\" href=\"https:\/\/mikedehouck.nl\/fr\/commerce-de-gros-de-poissons\/label\/\" \/>\n<meta property=\"og:locale\" content=\"fr_FR\" \/>\n<meta property=\"og:type\" content=\"article\" \/>\n<meta property=\"og:title\" content=\"Label - Mike de Houck\" \/>\n<meta property=\"og:url\" content=\"https:\/\/mikedehouck.nl\/fr\/commerce-de-gros-de-poissons\/label\/\" \/>\n<meta property=\"og:site_name\" content=\"Mike de Houck\" \/>\n<meta property=\"article:publisher\" content=\"https:\/\/www.facebook.com\/Vishandel-Mike-de-Houck-314775522256667\/\" \/>\n<meta property=\"article:modified_time\" content=\"2019-04-01T15:04:16+00:00\" \/>\n<meta name=\"twitter:card\" content=\"summary_large_image\" \/>\n<meta name=\"twitter:label1\" content=\"Dur\u00e9e de lecture estim\u00e9e\" \/>\n\t<meta name=\"twitter:data1\" content=\"1 minute\" \/>\n<script type=\"application\/ld+json\" class=\"yoast-schema-graph\">{\"@context\":\"https:\/\/schema.org\",\"@graph\":[{\"@type\":\"WebPage\",\"@id\":\"https:\/\/mikedehouck.nl\/fr\/commerce-de-gros-de-poissons\/label\/\",\"url\":\"https:\/\/mikedehouck.nl\/fr\/commerce-de-gros-de-poissons\/label\/\",\"name\":\"Label - Mike de Houck\",\"isPartOf\":{\"@id\":\"https:\/\/mikedehouck.nl\/#website\"},\"datePublished\":\"2015-11-30T14:50:46+00:00\",\"dateModified\":\"2019-04-01T15:04:16+00:00\",\"breadcrumb\":{\"@id\":\"https:\/\/mikedehouck.nl\/fr\/commerce-de-gros-de-poissons\/label\/#breadcrumb\"},\"inLanguage\":\"fr-FR\",\"potentialAction\":[{\"@type\":\"ReadAction\",\"target\":[\"https:\/\/mikedehouck.nl\/fr\/commerce-de-gros-de-poissons\/label\/\"]}]},{\"@type\":\"BreadcrumbList\",\"@id\":\"https:\/\/mikedehouck.nl\/fr\/commerce-de-gros-de-poissons\/label\/#breadcrumb\",\"itemListElement\":[{\"@type\":\"ListItem\",\"position\":1,\"name\":\"Home\",\"item\":\"https:\/\/mikedehouck.nl\/fr\/\"},{\"@type\":\"ListItem\",\"position\":2,\"name\":\"Commerce de gros de poissons\",\"item\":\"https:\/\/mikedehouck.nl\/fr\/commerce-de-gros-de-poissons\/\"},{\"@type\":\"ListItem\",\"position\":3,\"name\":\"Label\"}]},{\"@type\":\"WebSite\",\"@id\":\"https:\/\/mikedehouck.nl\/#website\",\"url\":\"https:\/\/mikedehouck.nl\/\",\"name\":\"Mike de Houck\",\"description\":\"Poisson de la mer du Nord constitue notre sp\u00e9cialit\u00e9\",\"publisher\":{\"@id\":\"https:\/\/mikedehouck.nl\/#organization\"},\"potentialAction\":[{\"@type\":\"SearchAction\",\"target\":{\"@type\":\"EntryPoint\",\"urlTemplate\":\"https:\/\/mikedehouck.nl\/?s={search_term_string}\"},\"query-input\":{\"@type\":\"PropertyValueSpecification\",\"valueRequired\":true,\"valueName\":\"search_term_string\"}}],\"inLanguage\":\"fr-FR\"},{\"@type\":\"Organization\",\"@id\":\"https:\/\/mikedehouck.nl\/#organization\",\"name\":\"Visgroothandel Mike de Houck\",\"url\":\"https:\/\/mikedehouck.nl\/\",\"logo\":{\"@type\":\"ImageObject\",\"inLanguage\":\"fr-FR\",\"@id\":\"https:\/\/mikedehouck.nl\/#\/schema\/logo\/image\/\",\"url\":\"https:\/\/mikedehouck.nl\/wp-content\/uploads\/2015\/11\/Logo-Mike-de-Houck.jpg\",\"contentUrl\":\"https:\/\/mikedehouck.nl\/wp-content\/uploads\/2015\/11\/Logo-Mike-de-Houck.jpg\",\"width\":877,\"height\":298,\"caption\":\"Visgroothandel Mike de Houck\"},\"image\":{\"@id\":\"https:\/\/mikedehouck.nl\/#\/schema\/logo\/image\/\"},\"sameAs\":[\"https:\/\/www.facebook.com\/Vishandel-Mike-de-Houck-314775522256667\/\"]}]}<\/script>\n<!-- \/ Yoast SEO plugin. -->","yoast_head_json":{"title":"Label - Mike de Houck","robots":{"index":"index","follow":"follow","max-snippet":"max-snippet:-1","max-image-preview":"max-image-preview:large","max-video-preview":"max-video-preview:-1"},"canonical":"https:\/\/mikedehouck.nl\/fr\/commerce-de-gros-de-poissons\/label\/","og_locale":"fr_FR","og_type":"article","og_title":"Label - Mike de Houck","og_url":"https:\/\/mikedehouck.nl\/fr\/commerce-de-gros-de-poissons\/label\/","og_site_name":"Mike de Houck","article_publisher":"https:\/\/www.facebook.com\/Vishandel-Mike-de-Houck-314775522256667\/","article_modified_time":"2019-04-01T15:04:16+00:00","twitter_card":"summary_large_image","twitter_misc":{"Dur\u00e9e de lecture estim\u00e9e":"1 minute"},"schema":{"@context":"https:\/\/schema.org","@graph":[{"@type":"WebPage","@id":"https:\/\/mikedehouck.nl\/fr\/commerce-de-gros-de-poissons\/label\/","url":"https:\/\/mikedehouck.nl\/fr\/commerce-de-gros-de-poissons\/label\/","name":"Label - Mike de Houck","isPartOf":{"@id":"https:\/\/mikedehouck.nl\/#website"},"datePublished":"2015-11-30T14:50:46+00:00","dateModified":"2019-04-01T15:04:16+00:00","breadcrumb":{"@id":"https:\/\/mikedehouck.nl\/fr\/commerce-de-gros-de-poissons\/label\/#breadcrumb"},"inLanguage":"fr-FR","potentialAction":[{"@type":"ReadAction","target":["https:\/\/mikedehouck.nl\/fr\/commerce-de-gros-de-poissons\/label\/"]}]},{"@type":"BreadcrumbList","@id":"https:\/\/mikedehouck.nl\/fr\/commerce-de-gros-de-poissons\/label\/#breadcrumb","itemListElement":[{"@type":"ListItem","position":1,"name":"Home","item":"https:\/\/mikedehouck.nl\/fr\/"},{"@type":"ListItem","position":2,"name":"Commerce de gros de poissons","item":"https:\/\/mikedehouck.nl\/fr\/commerce-de-gros-de-poissons\/"},{"@type":"ListItem","position":3,"name":"Label"}]},{"@type":"WebSite","@id":"https:\/\/mikedehouck.nl\/#website","url":"https:\/\/mikedehouck.nl\/","name":"Mike de Houck","description":"Poisson de la mer du Nord constitue notre sp\u00e9cialit\u00e9","publisher":{"@id":"https:\/\/mikedehouck.nl\/#organization"},"potentialAction":[{"@type":"SearchAction","target":{"@type":"EntryPoint","urlTemplate":"https:\/\/mikedehouck.nl\/?s={search_term_string}"},"query-input":{"@type":"PropertyValueSpecification","valueRequired":true,"valueName":"search_term_string"}}],"inLanguage":"fr-FR"},{"@type":"Organization","@id":"https:\/\/mikedehouck.nl\/#organization","name":"Visgroothandel Mike de Houck","url":"https:\/\/mikedehouck.nl\/","logo":{"@type":"ImageObject","inLanguage":"fr-FR","@id":"https:\/\/mikedehouck.nl\/#\/schema\/logo\/image\/","url":"https:\/\/mikedehouck.nl\/wp-content\/uploads\/2015\/11\/Logo-Mike-de-Houck.jpg","contentUrl":"https:\/\/mikedehouck.nl\/wp-content\/uploads\/2015\/11\/Logo-Mike-de-Houck.jpg","width":877,"height":298,"caption":"Visgroothandel Mike de Houck"},"image":{"@id":"https:\/\/mikedehouck.nl\/#\/schema\/logo\/image\/"},"sameAs":["https:\/\/www.facebook.com\/Vishandel-Mike-de-Houck-314775522256667\/"]}]}},"_links":{"self":[{"href":"https:\/\/mikedehouck.nl\/fr\/wp-json\/wp\/v2\/pages\/404\/"}],"collection":[{"href":"https:\/\/mikedehouck.nl\/fr\/wp-json\/wp\/v2\/pages\/"}],"about":[{"href":"https:\/\/mikedehouck.nl\/fr\/wp-json\/wp\/v2\/types\/page\/"}],"author":[{"embeddable":true,"href":"https:\/\/mikedehouck.nl\/fr\/wp-json\/wp\/v2\/users\/2\/"}],"replies":[{"embeddable":true,"href":"https:\/\/mikedehouck.nl\/fr\/wp-json\/wp\/v2\/comments\/?post=404"}],"version-history":[{"count":5,"href":"https:\/\/mikedehouck.nl\/fr\/wp-json\/wp\/v2\/pages\/404\/revisions\/"}],"predecessor-version":[{"id":4435,"href":"https:\/\/mikedehouck.nl\/fr\/wp-json\/wp\/v2\/pages\/404\/revisions\/4435\/"}],"up":[{"embeddable":true,"href":"https:\/\/mikedehouck.nl\/fr\/wp-json\/wp\/v2\/pages\/394\/"}],"wp:attachment":[{"href":"https:\/\/mikedehouck.nl\/fr\/wp-json\/wp\/v2\/media\/?parent=404"}],"curies":[{"name":"wp","href":"https:\/\/api.w.org\/{rel}","templated":true}]}}