{"id":398,"date":"2015-11-30T14:10:58","date_gmt":"2015-11-30T13:10:58","guid":{"rendered":"https:\/\/mikedehouck.nl\/fr\/?page_id=398"},"modified":"2019-04-01T16:04:31","modified_gmt":"2019-04-01T15:04:31","slug":"repartition","status":"publish","type":"page","link":"https:\/\/mikedehouck.nl\/fr\/commerce-de-gros-de-poissons\/repartition\/","title":{"rendered":"R\u00e9partition"},"content":{"rendered":"<section class=\"l-section wpb_row height_medium\"><div class=\"l-section-h i-cf\"><div class=\"g-cols vc_row type_default valign_top\"><div class=\"vc_col-sm-12 wpb_column vc_column_container\"><div class=\"vc_column-inner\"><div class=\"wpb_wrapper\"><div class=\"g-cols wpb_row type_default valign_top vc_inner  vc_custom_1448986544423\"><div class=\"vc_col-sm-12 wpb_column vc_column_container\"><div class=\"vc_column-inner\"><div class=\"wpb_wrapper\">\r\n\t<div class=\"wpb_text_column \">\r\n\t\t<div class=\"wpb_wrapper\">\r\n\t\t\t<p style=\"text-align: center\">Nous proc\u00e9dons nous-m\u00eames au tri, au d\u00e9coupage et \u00e0 l\u2019emballage. La sole est tri\u00e9e pr\u00e9cis\u00e9ment selon le poids, gr\u00e2ce \u00e0 notre trieuse. Notre but est d\u2019acheminer le meilleur poisson de la mer du Nord depuis le bateau jusqu\u2019au client, dans les plus brefs d\u00e9lais, et ce, \u00e0 des prix abordables.<\/p>\n\r\n\t\t<\/div>\r\n\t<\/div>\r\n<\/div><\/div><\/div><\/div><div class=\"w-separator size_medium\"><\/div><div class=\"w-grid type_grid layout_gallery_default cols_4 no_gap\" id=\"us_grid_1\"><style id=\"us_grid_1_css\">@media (max-width:479px){#us_grid_1 .w-grid-item{width:50%}}<\/style><style>#us_grid_1 .w-grid-item-h{}#us_grid_1 .usg_post_image_1{}#us_grid_1 .usg_post_image_1{transition-duration:0.3s;transform:scale(1) translate(0,0)}#us_grid_1 .w-grid-item-h:hover .usg_post_image_1{transform:scale(1) translate(0,0);opacity:0.5}<\/style><div class=\"w-grid-list\"><article class=\"w-grid-item ratio_1x1 post-4462 attachment type-attachment status-inherit hentry\" data-id=\"4462\">\r\n\t<div class=\"w-grid-item-h\">\r\n\t\t\t\t\t<a class=\"w-grid-item-anchor\" href=\"https:\/\/mikedehouck.nl\/wp-content\/uploads\/2015\/11\/Sorteren-Tong-Mike-de-Houck-000.jpg\" ref=\"magnificPopupGrid\" title=\"Sorteren Tong Mike de Houck 000\"><\/a>\r\n\t\t\t\t<div class=\"w-post-elm post_image usg_post_image_1 stretched\"><img loading=\"lazy\" decoding=\"async\" width=\"600\" height=\"400\" src=\"https:\/\/mikedehouck.nl\/wp-content\/uploads\/2015\/11\/Sorteren-Tong-Mike-de-Houck-000-600x400.jpg\" class=\"attachment-us_600_600_crop size-us_600_600_crop\" alt=\"\" srcset=\"https:\/\/mikedehouck.nl\/wp-content\/uploads\/2015\/11\/Sorteren-Tong-Mike-de-Houck-000-600x400.jpg 600w, https:\/\/mikedehouck.nl\/wp-content\/uploads\/2015\/11\/Sorteren-Tong-Mike-de-Houck-000-300x200.jpg 300w, https:\/\/mikedehouck.nl\/wp-content\/uploads\/2015\/11\/Sorteren-Tong-Mike-de-Houck-000-1024x683.jpg 1024w, https:\/\/mikedehouck.nl\/wp-content\/uploads\/2015\/11\/Sorteren-Tong-Mike-de-Houck-000.jpg 1500w\" sizes=\"auto, (max-width: 600px) 100vw, 600px\" \/><\/div>\t<\/div>\r\n<\/article>\r\n<article class=\"w-grid-item ratio_1x1 post-4463 attachment type-attachment status-inherit hentry\" data-id=\"4463\">\r\n\t<div class=\"w-grid-item-h\">\r\n\t\t\t\t\t<a class=\"w-grid-item-anchor\" href=\"https:\/\/mikedehouck.nl\/wp-content\/uploads\/2015\/11\/Sorteren-Tong-Mike-de-Houck-001.jpg\" ref=\"magnificPopupGrid\" title=\"Sorteren Tong Mike de Houck 001\"><\/a>\r\n\t\t\t\t<div class=\"w-post-elm post_image usg_post_image_1 stretched\"><img loading=\"lazy\" decoding=\"async\" width=\"600\" height=\"400\" src=\"https:\/\/mikedehouck.nl\/wp-content\/uploads\/2015\/11\/Sorteren-Tong-Mike-de-Houck-001-600x400.jpg\" class=\"attachment-us_600_600_crop size-us_600_600_crop\" alt=\"\" srcset=\"https:\/\/mikedehouck.nl\/wp-content\/uploads\/2015\/11\/Sorteren-Tong-Mike-de-Houck-001-600x400.jpg 600w, https:\/\/mikedehouck.nl\/wp-content\/uploads\/2015\/11\/Sorteren-Tong-Mike-de-Houck-001-300x200.jpg 300w, https:\/\/mikedehouck.nl\/wp-content\/uploads\/2015\/11\/Sorteren-Tong-Mike-de-Houck-001-1024x683.jpg 1024w, https:\/\/mikedehouck.nl\/wp-content\/uploads\/2015\/11\/Sorteren-Tong-Mike-de-Houck-001.jpg 1500w\" sizes=\"auto, (max-width: 600px) 100vw, 600px\" \/><\/div>\t<\/div>\r\n<\/article>\r\n<article class=\"w-grid-item ratio_1x1 post-4464 attachment type-attachment status-inherit hentry\" data-id=\"4464\">\r\n\t<div class=\"w-grid-item-h\">\r\n\t\t\t\t\t<a class=\"w-grid-item-anchor\" href=\"https:\/\/mikedehouck.nl\/wp-content\/uploads\/2015\/11\/Sorteren-Tong-Mike-de-Houck-002.jpg\" ref=\"magnificPopupGrid\" title=\"Sorteren Tong Mike de Houck 002\"><\/a>\r\n\t\t\t\t<div class=\"w-post-elm post_image usg_post_image_1 stretched\"><img loading=\"lazy\" decoding=\"async\" width=\"600\" height=\"400\" src=\"https:\/\/mikedehouck.nl\/wp-content\/uploads\/2015\/11\/Sorteren-Tong-Mike-de-Houck-002-600x400.jpg\" class=\"attachment-us_600_600_crop size-us_600_600_crop\" alt=\"\" srcset=\"https:\/\/mikedehouck.nl\/wp-content\/uploads\/2015\/11\/Sorteren-Tong-Mike-de-Houck-002-600x400.jpg 600w, https:\/\/mikedehouck.nl\/wp-content\/uploads\/2015\/11\/Sorteren-Tong-Mike-de-Houck-002-300x200.jpg 300w, https:\/\/mikedehouck.nl\/wp-content\/uploads\/2015\/11\/Sorteren-Tong-Mike-de-Houck-002-1024x683.jpg 1024w, https:\/\/mikedehouck.nl\/wp-content\/uploads\/2015\/11\/Sorteren-Tong-Mike-de-Houck-002.jpg 1500w\" sizes=\"auto, (max-width: 600px) 100vw, 600px\" \/><\/div>\t<\/div>\r\n<\/article>\r\n<article class=\"w-grid-item ratio_1x1 post-4465 attachment type-attachment status-inherit hentry\" data-id=\"4465\">\r\n\t<div class=\"w-grid-item-h\">\r\n\t\t\t\t\t<a class=\"w-grid-item-anchor\" href=\"https:\/\/mikedehouck.nl\/wp-content\/uploads\/2015\/11\/Sorteren-Tong-Mike-de-Houck-003.jpg\" ref=\"magnificPopupGrid\" title=\"Sorteren Tong Mike de Houck 003\"><\/a>\r\n\t\t\t\t<div class=\"w-post-elm post_image usg_post_image_1 stretched\"><img loading=\"lazy\" decoding=\"async\" width=\"600\" height=\"400\" src=\"https:\/\/mikedehouck.nl\/wp-content\/uploads\/2015\/11\/Sorteren-Tong-Mike-de-Houck-003-600x400.jpg\" class=\"attachment-us_600_600_crop size-us_600_600_crop\" alt=\"\" srcset=\"https:\/\/mikedehouck.nl\/wp-content\/uploads\/2015\/11\/Sorteren-Tong-Mike-de-Houck-003-600x400.jpg 600w, https:\/\/mikedehouck.nl\/wp-content\/uploads\/2015\/11\/Sorteren-Tong-Mike-de-Houck-003-300x200.jpg 300w, https:\/\/mikedehouck.nl\/wp-content\/uploads\/2015\/11\/Sorteren-Tong-Mike-de-Houck-003-1024x683.jpg 1024w, https:\/\/mikedehouck.nl\/wp-content\/uploads\/2015\/11\/Sorteren-Tong-Mike-de-Houck-003.jpg 1500w\" sizes=\"auto, (max-width: 600px) 100vw, 600px\" \/><\/div>\t<\/div>\r\n<\/article>\r\n<article class=\"w-grid-item ratio_1x1 post-4466 attachment type-attachment status-inherit hentry\" data-id=\"4466\">\r\n\t<div class=\"w-grid-item-h\">\r\n\t\t\t\t\t<a class=\"w-grid-item-anchor\" href=\"https:\/\/mikedehouck.nl\/wp-content\/uploads\/2015\/11\/Sorteren-Tong-Mike-de-Houck-004.jpg\" ref=\"magnificPopupGrid\" title=\"Sorteren Tong Mike de Houck 004\"><\/a>\r\n\t\t\t\t<div class=\"w-post-elm post_image usg_post_image_1 stretched\"><img loading=\"lazy\" decoding=\"async\" width=\"600\" height=\"400\" src=\"https:\/\/mikedehouck.nl\/wp-content\/uploads\/2015\/11\/Sorteren-Tong-Mike-de-Houck-004-600x400.jpg\" class=\"attachment-us_600_600_crop size-us_600_600_crop\" alt=\"\" srcset=\"https:\/\/mikedehouck.nl\/wp-content\/uploads\/2015\/11\/Sorteren-Tong-Mike-de-Houck-004-600x400.jpg 600w, https:\/\/mikedehouck.nl\/wp-content\/uploads\/2015\/11\/Sorteren-Tong-Mike-de-Houck-004-300x200.jpg 300w, https:\/\/mikedehouck.nl\/wp-content\/uploads\/2015\/11\/Sorteren-Tong-Mike-de-Houck-004-1024x683.jpg 1024w, https:\/\/mikedehouck.nl\/wp-content\/uploads\/2015\/11\/Sorteren-Tong-Mike-de-Houck-004.jpg 1500w\" sizes=\"auto, (max-width: 600px) 100vw, 600px\" \/><\/div>\t<\/div>\r\n<\/article>\r\n<article class=\"w-grid-item ratio_1x1 post-4467 attachment type-attachment status-inherit hentry\" data-id=\"4467\">\r\n\t<div class=\"w-grid-item-h\">\r\n\t\t\t\t\t<a class=\"w-grid-item-anchor\" href=\"https:\/\/mikedehouck.nl\/wp-content\/uploads\/2015\/11\/Sorteren-Tong-Mike-de-Houck-005.jpg\" ref=\"magnificPopupGrid\" title=\"Sorteren Tong Mike de Houck 005\"><\/a>\r\n\t\t\t\t<div class=\"w-post-elm post_image usg_post_image_1 stretched\"><img loading=\"lazy\" decoding=\"async\" width=\"600\" height=\"400\" src=\"https:\/\/mikedehouck.nl\/wp-content\/uploads\/2015\/11\/Sorteren-Tong-Mike-de-Houck-005-600x400.jpg\" class=\"attachment-us_600_600_crop size-us_600_600_crop\" alt=\"\" srcset=\"https:\/\/mikedehouck.nl\/wp-content\/uploads\/2015\/11\/Sorteren-Tong-Mike-de-Houck-005-600x400.jpg 600w, https:\/\/mikedehouck.nl\/wp-content\/uploads\/2015\/11\/Sorteren-Tong-Mike-de-Houck-005-300x200.jpg 300w, https:\/\/mikedehouck.nl\/wp-content\/uploads\/2015\/11\/Sorteren-Tong-Mike-de-Houck-005-1024x683.jpg 1024w, https:\/\/mikedehouck.nl\/wp-content\/uploads\/2015\/11\/Sorteren-Tong-Mike-de-Houck-005.jpg 1500w\" sizes=\"auto, (max-width: 600px) 100vw, 600px\" \/><\/div>\t<\/div>\r\n<\/article>\r\n<article class=\"w-grid-item ratio_1x1 post-4468 attachment type-attachment status-inherit hentry\" data-id=\"4468\">\r\n\t<div class=\"w-grid-item-h\">\r\n\t\t\t\t\t<a class=\"w-grid-item-anchor\" href=\"https:\/\/mikedehouck.nl\/wp-content\/uploads\/2015\/11\/Sorteren-Tong-Mike-de-Houck-006.jpg\" ref=\"magnificPopupGrid\" title=\"Sorteren Tong Mike de Houck 006\"><\/a>\r\n\t\t\t\t<div class=\"w-post-elm post_image usg_post_image_1 stretched\"><img loading=\"lazy\" decoding=\"async\" width=\"600\" height=\"400\" src=\"https:\/\/mikedehouck.nl\/wp-content\/uploads\/2015\/11\/Sorteren-Tong-Mike-de-Houck-006-600x400.jpg\" class=\"attachment-us_600_600_crop size-us_600_600_crop\" alt=\"\" srcset=\"https:\/\/mikedehouck.nl\/wp-content\/uploads\/2015\/11\/Sorteren-Tong-Mike-de-Houck-006-600x400.jpg 600w, https:\/\/mikedehouck.nl\/wp-content\/uploads\/2015\/11\/Sorteren-Tong-Mike-de-Houck-006-300x200.jpg 300w, https:\/\/mikedehouck.nl\/wp-content\/uploads\/2015\/11\/Sorteren-Tong-Mike-de-Houck-006-1024x683.jpg 1024w, https:\/\/mikedehouck.nl\/wp-content\/uploads\/2015\/11\/Sorteren-Tong-Mike-de-Houck-006.jpg 1500w\" sizes=\"auto, (max-width: 600px) 100vw, 600px\" \/><\/div>\t<\/div>\r\n<\/article>\r\n<article class=\"w-grid-item ratio_1x1 post-4469 attachment type-attachment status-inherit hentry\" data-id=\"4469\">\r\n\t<div class=\"w-grid-item-h\">\r\n\t\t\t\t\t<a class=\"w-grid-item-anchor\" href=\"https:\/\/mikedehouck.nl\/wp-content\/uploads\/2015\/11\/Sorteren-Tong-Mike-de-Houck-007.jpg\" ref=\"magnificPopupGrid\" title=\"Sorteren Tong Mike de Houck 007\"><\/a>\r\n\t\t\t\t<div class=\"w-post-elm post_image usg_post_image_1 stretched\"><img loading=\"lazy\" decoding=\"async\" width=\"600\" height=\"400\" src=\"https:\/\/mikedehouck.nl\/wp-content\/uploads\/2015\/11\/Sorteren-Tong-Mike-de-Houck-007-600x400.jpg\" class=\"attachment-us_600_600_crop size-us_600_600_crop\" alt=\"\" srcset=\"https:\/\/mikedehouck.nl\/wp-content\/uploads\/2015\/11\/Sorteren-Tong-Mike-de-Houck-007-600x400.jpg 600w, https:\/\/mikedehouck.nl\/wp-content\/uploads\/2015\/11\/Sorteren-Tong-Mike-de-Houck-007-300x200.jpg 300w, https:\/\/mikedehouck.nl\/wp-content\/uploads\/2015\/11\/Sorteren-Tong-Mike-de-Houck-007-1024x683.jpg 1024w, https:\/\/mikedehouck.nl\/wp-content\/uploads\/2015\/11\/Sorteren-Tong-Mike-de-Houck-007.jpg 1500w\" sizes=\"auto, (max-width: 600px) 100vw, 600px\" \/><\/div>\t<\/div>\r\n<\/article>\r\n<\/div>\t<div class=\"w-grid-json hidden\" onclick='return {&quot;ajax_url&quot;:&quot;https:\\\/\\\/mikedehouck.nl\\\/wp-admin\\\/admin-ajax.php&quot;,&quot;permalink_url&quot;:&quot;https:\\\/\\\/mikedehouck.nl\\\/fr\\\/commerce-de-gros-de-poissons\\\/repartition\\\/sorteren-tong-mike-de-houck-007-2\\\/&quot;,&quot;action&quot;:&quot;us_ajax_grid&quot;,&quot;max_num_pages&quot;:1,&quot;infinite_scroll&quot;:0,&quot;template_vars&quot;:{&quot;query_args&quot;:{&quot;post_type&quot;:[&quot;attachment&quot;],&quot;orderby&quot;:&quot;post__in&quot;,&quot;post__in&quot;:[&quot;266&quot;,&quot;267&quot;,&quot;268&quot;,&quot;269&quot;,&quot;270&quot;,&quot;271&quot;,&quot;272&quot;,&quot;273&quot;],&quot;post_status&quot;:&quot;inherit&quot;,&quot;post_mime_type&quot;:&quot;image&quot;,&quot;posts_per_page&quot;:9999},&quot;post_id&quot;:398,&quot;us_grid_index&quot;:1,&quot;us_grid_ajax_index&quot;:1,&quot;exclude_items&quot;:&quot;none&quot;,&quot;items_offset&quot;:&quot;1&quot;,&quot;items_layout&quot;:&quot;gallery_default&quot;,&quot;type&quot;:&quot;grid&quot;,&quot;columns&quot;:&quot;4&quot;,&quot;img_size&quot;:&quot;us_600_600_crop&quot;,&quot;overriding_link&quot;:&quot;popup_post_image&quot;,&quot;lang&quot;:&quot;fr&quot;},&quot;carousel_settings&quot;:{&quot;items&quot;:&quot;4&quot;,&quot;nav&quot;:0,&quot;navNext&quot;:&quot;&quot;,&quot;navPrev&quot;:&quot;&quot;,&quot;dots&quot;:0,&quot;center&quot;:0,&quot;autoplay&quot;:0,&quot;smooth_play&quot;:0,&quot;timeout&quot;:3000,&quot;speed&quot;:250,&quot;transition&quot;:&quot;&quot;,&quot;autoheight&quot;:0,&quot;slideby&quot;:&quot;1&quot;},&quot;carousel_breakpoints&quot;:{&quot;1200&quot;:{&quot;items&quot;:&quot;4&quot;},&quot;768&quot;:{&quot;items&quot;:4,&quot;autoplay&quot;:1,&quot;autoplayHoverPause&quot;:1},&quot;480&quot;:{&quot;items&quot;:4,&quot;autoplay&quot;:1,&quot;autoplayHoverPause&quot;:1},&quot;0&quot;:{&quot;items&quot;:2,&quot;autoHeight&quot;:true,&quot;autoplay&quot;:1,&quot;autoplayHoverPause&quot;:1}}}'><\/div>\r\n<\/div><\/div><\/div><\/div><\/div><\/div><\/section><section class=\"l-section wpb_row height_medium\" style=\"padding-right: 10% !important;padding-left: 10% !important;\"><div class=\"l-section-h i-cf\"><div class=\"g-cols vc_row type_default valign_top\"><div class=\"vc_col-sm-12 wpb_column vc_column_container\"><div class=\"vc_column-inner\"><div class=\"wpb_wrapper\">\r\n\t<div class=\"wpb_text_column \">\r\n\t\t<div class=\"wpb_wrapper\">\r\n\t\t\t<p style=\"text-align: center\">Le commerce de gros de poissons Mike de Houck fournit au niveau national et international les entreprises de march\u00e9s, les supermarch\u00e9s, les poissonneries et les \u00e9tablissements de restauration, parmi lesquels on compte des restaurants \u00e0 \u00e9toiles. Quatre-vingts \u00e0 quatre-vingt-dix pour cent du poisson de la mer du Nord que nous n\u00e9gocions provient de march\u00e9s de gros aux Pays-Bas. Afin de vous certifier que le produit que vous achetez est le nec plus ultra, nous vous informons de la p\u00e9riode pendant laquelle nous pouvons vous offrir le meilleur poisson. Nous sommes en outre, transparents quant au syst\u00e8me d\u2019approvisionnement, d\u2019emballage et d\u2019exp\u00e9dition.<\/p>\n\r\n\t\t<\/div>\r\n\t<\/div>\r\n<\/div><\/div><\/div><\/div><\/div><\/section><section class=\"l-section wpb_row height_auto width_full\"><div class=\"l-section-h i-cf\"><div class=\"g-cols vc_row type_default valign_top\"><div class=\"vc_col-sm-12 wpb_column vc_column_container\"><div class=\"vc_column-inner\"><div class=\"wpb_wrapper\"><div class=\"g-cols wpb_row type_default valign_top vc_inner \"><div class=\"vc_col-sm-6 wpb_column vc_column_container\"><div class=\"vc_column-inner\"><div class=\"wpb_wrapper\"><div class=\"w-image align_none\"><div class=\"w-image-h\"><img loading=\"lazy\" decoding=\"async\" width=\"1024\" height=\"683\" src=\"https:\/\/mikedehouck.nl\/wp-content\/uploads\/2015\/11\/Vis-Fileren-Mike-de-Houck-005-1024x683.jpg\" class=\"attachment-large size-large\" alt=\"\" srcset=\"https:\/\/mikedehouck.nl\/wp-content\/uploads\/2015\/11\/Vis-Fileren-Mike-de-Houck-005-1024x683.jpg 1024w, https:\/\/mikedehouck.nl\/wp-content\/uploads\/2015\/11\/Vis-Fileren-Mike-de-Houck-005-300x200.jpg 300w, https:\/\/mikedehouck.nl\/wp-content\/uploads\/2015\/11\/Vis-Fileren-Mike-de-Houck-005-600x400.jpg 600w, https:\/\/mikedehouck.nl\/wp-content\/uploads\/2015\/11\/Vis-Fileren-Mike-de-Houck-005.jpg 1500w\" sizes=\"auto, (max-width: 1024px) 100vw, 1024px\" \/><\/div><\/div><div class=\"w-separator size_medium\"><\/div><div class=\"w-image align_none\"><div class=\"w-image-h\"><img loading=\"lazy\" decoding=\"async\" width=\"1024\" height=\"683\" src=\"https:\/\/mikedehouck.nl\/wp-content\/uploads\/2015\/11\/Vis-Fileren-Mike-de-Houck-006-1024x683.jpg\" class=\"attachment-large size-large\" alt=\"\" srcset=\"https:\/\/mikedehouck.nl\/wp-content\/uploads\/2015\/11\/Vis-Fileren-Mike-de-Houck-006-1024x683.jpg 1024w, https:\/\/mikedehouck.nl\/wp-content\/uploads\/2015\/11\/Vis-Fileren-Mike-de-Houck-006-300x200.jpg 300w, https:\/\/mikedehouck.nl\/wp-content\/uploads\/2015\/11\/Vis-Fileren-Mike-de-Houck-006-600x400.jpg 600w, https:\/\/mikedehouck.nl\/wp-content\/uploads\/2015\/11\/Vis-Fileren-Mike-de-Houck-006.jpg 1500w\" sizes=\"auto, (max-width: 1024px) 100vw, 1024px\" \/><\/div><\/div><\/div><\/div><\/div><div class=\"vc_col-sm-6 wpb_column vc_column_container\"><div class=\"vc_column-inner\"><div class=\"wpb_wrapper\"><div class=\"w-image align_none\"><div class=\"w-image-h\"><img loading=\"lazy\" decoding=\"async\" width=\"667\" height=\"1000\" src=\"https:\/\/mikedehouck.nl\/wp-content\/uploads\/2015\/11\/Vis-Fileren-Mike-de-Houck-001.jpg\" class=\"attachment-large size-large\" alt=\"\" srcset=\"https:\/\/mikedehouck.nl\/wp-content\/uploads\/2015\/11\/Vis-Fileren-Mike-de-Houck-001.jpg 667w, https:\/\/mikedehouck.nl\/wp-content\/uploads\/2015\/11\/Vis-Fileren-Mike-de-Houck-001-200x300.jpg 200w, https:\/\/mikedehouck.nl\/wp-content\/uploads\/2015\/11\/Vis-Fileren-Mike-de-Houck-001-600x900.jpg 600w\" sizes=\"auto, (max-width: 667px) 100vw, 667px\" \/><\/div><\/div><\/div><\/div><\/div><\/div><\/div><\/div><\/div><\/div><\/div><\/section>\n","protected":false},"excerpt":{"rendered":"","protected":false},"author":2,"featured_media":0,"parent":394,"menu_order":0,"comment_status":"closed","ping_status":"closed","template":"","meta":{"footnotes":""},"class_list":["post-398","page","type-page","status-publish","hentry"],"yoast_head":"<!-- This site is optimized with the Yoast SEO plugin v27.1.1 - https:\/\/yoast.com\/product\/yoast-seo-wordpress\/ -->\n<title>R\u00e9partition - Mike de Houck<\/title>\n<meta name=\"robots\" content=\"index, follow, max-snippet:-1, max-image-preview:large, max-video-preview:-1\" \/>\n<link rel=\"canonical\" href=\"https:\/\/mikedehouck.nl\/fr\/commerce-de-gros-de-poissons\/repartition\/\" \/>\n<meta property=\"og:locale\" content=\"fr_FR\" \/>\n<meta property=\"og:type\" content=\"article\" \/>\n<meta property=\"og:title\" content=\"R\u00e9partition - Mike de Houck\" \/>\n<meta property=\"og:url\" content=\"https:\/\/mikedehouck.nl\/fr\/commerce-de-gros-de-poissons\/repartition\/\" \/>\n<meta property=\"og:site_name\" content=\"Mike de Houck\" \/>\n<meta property=\"article:publisher\" content=\"https:\/\/www.facebook.com\/Vishandel-Mike-de-Houck-314775522256667\/\" \/>\n<meta property=\"article:modified_time\" content=\"2019-04-01T15:04:31+00:00\" \/>\n<meta name=\"twitter:card\" content=\"summary_large_image\" \/>\n<meta name=\"twitter:label1\" content=\"Dur\u00e9e de lecture estim\u00e9e\" \/>\n\t<meta name=\"twitter:data1\" content=\"2 minutes\" \/>\n<script type=\"application\/ld+json\" class=\"yoast-schema-graph\">{\"@context\":\"https:\/\/schema.org\",\"@graph\":[{\"@type\":\"WebPage\",\"@id\":\"https:\/\/mikedehouck.nl\/fr\/commerce-de-gros-de-poissons\/repartition\/\",\"url\":\"https:\/\/mikedehouck.nl\/fr\/commerce-de-gros-de-poissons\/repartition\/\",\"name\":\"R\u00e9partition - Mike de Houck\",\"isPartOf\":{\"@id\":\"https:\/\/mikedehouck.nl\/#website\"},\"datePublished\":\"2015-11-30T13:10:58+00:00\",\"dateModified\":\"2019-04-01T15:04:31+00:00\",\"breadcrumb\":{\"@id\":\"https:\/\/mikedehouck.nl\/fr\/commerce-de-gros-de-poissons\/repartition\/#breadcrumb\"},\"inLanguage\":\"fr-FR\",\"potentialAction\":[{\"@type\":\"ReadAction\",\"target\":[\"https:\/\/mikedehouck.nl\/fr\/commerce-de-gros-de-poissons\/repartition\/\"]}]},{\"@type\":\"BreadcrumbList\",\"@id\":\"https:\/\/mikedehouck.nl\/fr\/commerce-de-gros-de-poissons\/repartition\/#breadcrumb\",\"itemListElement\":[{\"@type\":\"ListItem\",\"position\":1,\"name\":\"Home\",\"item\":\"https:\/\/mikedehouck.nl\/fr\/\"},{\"@type\":\"ListItem\",\"position\":2,\"name\":\"Commerce de gros de poissons\",\"item\":\"https:\/\/mikedehouck.nl\/fr\/commerce-de-gros-de-poissons\/\"},{\"@type\":\"ListItem\",\"position\":3,\"name\":\"R\u00e9partition\"}]},{\"@type\":\"WebSite\",\"@id\":\"https:\/\/mikedehouck.nl\/#website\",\"url\":\"https:\/\/mikedehouck.nl\/\",\"name\":\"Mike de Houck\",\"description\":\"Poisson de la mer du Nord constitue notre sp\u00e9cialit\u00e9\",\"publisher\":{\"@id\":\"https:\/\/mikedehouck.nl\/#organization\"},\"potentialAction\":[{\"@type\":\"SearchAction\",\"target\":{\"@type\":\"EntryPoint\",\"urlTemplate\":\"https:\/\/mikedehouck.nl\/?s={search_term_string}\"},\"query-input\":{\"@type\":\"PropertyValueSpecification\",\"valueRequired\":true,\"valueName\":\"search_term_string\"}}],\"inLanguage\":\"fr-FR\"},{\"@type\":\"Organization\",\"@id\":\"https:\/\/mikedehouck.nl\/#organization\",\"name\":\"Visgroothandel Mike de Houck\",\"url\":\"https:\/\/mikedehouck.nl\/\",\"logo\":{\"@type\":\"ImageObject\",\"inLanguage\":\"fr-FR\",\"@id\":\"https:\/\/mikedehouck.nl\/#\/schema\/logo\/image\/\",\"url\":\"https:\/\/mikedehouck.nl\/wp-content\/uploads\/2015\/11\/Logo-Mike-de-Houck.jpg\",\"contentUrl\":\"https:\/\/mikedehouck.nl\/wp-content\/uploads\/2015\/11\/Logo-Mike-de-Houck.jpg\",\"width\":877,\"height\":298,\"caption\":\"Visgroothandel Mike de Houck\"},\"image\":{\"@id\":\"https:\/\/mikedehouck.nl\/#\/schema\/logo\/image\/\"},\"sameAs\":[\"https:\/\/www.facebook.com\/Vishandel-Mike-de-Houck-314775522256667\/\"]}]}<\/script>\n<!-- \/ Yoast SEO plugin. -->","yoast_head_json":{"title":"R\u00e9partition - Mike de Houck","robots":{"index":"index","follow":"follow","max-snippet":"max-snippet:-1","max-image-preview":"max-image-preview:large","max-video-preview":"max-video-preview:-1"},"canonical":"https:\/\/mikedehouck.nl\/fr\/commerce-de-gros-de-poissons\/repartition\/","og_locale":"fr_FR","og_type":"article","og_title":"R\u00e9partition - Mike de Houck","og_url":"https:\/\/mikedehouck.nl\/fr\/commerce-de-gros-de-poissons\/repartition\/","og_site_name":"Mike de Houck","article_publisher":"https:\/\/www.facebook.com\/Vishandel-Mike-de-Houck-314775522256667\/","article_modified_time":"2019-04-01T15:04:31+00:00","twitter_card":"summary_large_image","twitter_misc":{"Dur\u00e9e de lecture estim\u00e9e":"2 minutes"},"schema":{"@context":"https:\/\/schema.org","@graph":[{"@type":"WebPage","@id":"https:\/\/mikedehouck.nl\/fr\/commerce-de-gros-de-poissons\/repartition\/","url":"https:\/\/mikedehouck.nl\/fr\/commerce-de-gros-de-poissons\/repartition\/","name":"R\u00e9partition - Mike de Houck","isPartOf":{"@id":"https:\/\/mikedehouck.nl\/#website"},"datePublished":"2015-11-30T13:10:58+00:00","dateModified":"2019-04-01T15:04:31+00:00","breadcrumb":{"@id":"https:\/\/mikedehouck.nl\/fr\/commerce-de-gros-de-poissons\/repartition\/#breadcrumb"},"inLanguage":"fr-FR","potentialAction":[{"@type":"ReadAction","target":["https:\/\/mikedehouck.nl\/fr\/commerce-de-gros-de-poissons\/repartition\/"]}]},{"@type":"BreadcrumbList","@id":"https:\/\/mikedehouck.nl\/fr\/commerce-de-gros-de-poissons\/repartition\/#breadcrumb","itemListElement":[{"@type":"ListItem","position":1,"name":"Home","item":"https:\/\/mikedehouck.nl\/fr\/"},{"@type":"ListItem","position":2,"name":"Commerce de gros de poissons","item":"https:\/\/mikedehouck.nl\/fr\/commerce-de-gros-de-poissons\/"},{"@type":"ListItem","position":3,"name":"R\u00e9partition"}]},{"@type":"WebSite","@id":"https:\/\/mikedehouck.nl\/#website","url":"https:\/\/mikedehouck.nl\/","name":"Mike de Houck","description":"Poisson de la mer du Nord constitue notre sp\u00e9cialit\u00e9","publisher":{"@id":"https:\/\/mikedehouck.nl\/#organization"},"potentialAction":[{"@type":"SearchAction","target":{"@type":"EntryPoint","urlTemplate":"https:\/\/mikedehouck.nl\/?s={search_term_string}"},"query-input":{"@type":"PropertyValueSpecification","valueRequired":true,"valueName":"search_term_string"}}],"inLanguage":"fr-FR"},{"@type":"Organization","@id":"https:\/\/mikedehouck.nl\/#organization","name":"Visgroothandel Mike de Houck","url":"https:\/\/mikedehouck.nl\/","logo":{"@type":"ImageObject","inLanguage":"fr-FR","@id":"https:\/\/mikedehouck.nl\/#\/schema\/logo\/image\/","url":"https:\/\/mikedehouck.nl\/wp-content\/uploads\/2015\/11\/Logo-Mike-de-Houck.jpg","contentUrl":"https:\/\/mikedehouck.nl\/wp-content\/uploads\/2015\/11\/Logo-Mike-de-Houck.jpg","width":877,"height":298,"caption":"Visgroothandel Mike de Houck"},"image":{"@id":"https:\/\/mikedehouck.nl\/#\/schema\/logo\/image\/"},"sameAs":["https:\/\/www.facebook.com\/Vishandel-Mike-de-Houck-314775522256667\/"]}]}},"_links":{"self":[{"href":"https:\/\/mikedehouck.nl\/fr\/wp-json\/wp\/v2\/pages\/398\/"}],"collection":[{"href":"https:\/\/mikedehouck.nl\/fr\/wp-json\/wp\/v2\/pages\/"}],"about":[{"href":"https:\/\/mikedehouck.nl\/fr\/wp-json\/wp\/v2\/types\/page\/"}],"author":[{"embeddable":true,"href":"https:\/\/mikedehouck.nl\/fr\/wp-json\/wp\/v2\/users\/2\/"}],"replies":[{"embeddable":true,"href":"https:\/\/mikedehouck.nl\/fr\/wp-json\/wp\/v2\/comments\/?post=398"}],"version-history":[{"count":4,"href":"https:\/\/mikedehouck.nl\/fr\/wp-json\/wp\/v2\/pages\/398\/revisions\/"}],"predecessor-version":[{"id":4494,"href":"https:\/\/mikedehouck.nl\/fr\/wp-json\/wp\/v2\/pages\/398\/revisions\/4494\/"}],"up":[{"embeddable":true,"href":"https:\/\/mikedehouck.nl\/fr\/wp-json\/wp\/v2\/pages\/394\/"}],"wp:attachment":[{"href":"https:\/\/mikedehouck.nl\/fr\/wp-json\/wp\/v2\/media\/?parent=398"}],"curies":[{"name":"wp","href":"https:\/\/api.w.org\/{rel}","templated":true}]}}