{"id":394,"date":"2015-11-30T14:10:37","date_gmt":"2015-11-30T13:10:37","guid":{"rendered":"https:\/\/mikedehouck.nl\/fr\/?page_id=394"},"modified":"2019-04-01T16:04:22","modified_gmt":"2019-04-01T15:04:22","slug":"commerce-de-gros-de-poissons","status":"publish","type":"page","link":"https:\/\/mikedehouck.nl\/fr\/commerce-de-gros-de-poissons\/","title":{"rendered":"Commerce de gros de poissons"},"content":{"rendered":"<section class=\"l-section wpb_row height_large\" style=\"padding-right: 10% !important;padding-left: 10% !important;\"><div class=\"l-section-h i-cf\"><div class=\"g-cols vc_row type_default valign_top\"><div class=\"vc_col-sm-12 wpb_column vc_column_container\"><div class=\"vc_column-inner\"><div class=\"wpb_wrapper\">\r\n\t<div class=\"wpb_text_column \">\r\n\t\t<div class=\"wpb_wrapper\">\r\n\t\t\t<p style=\"text-align: center;\"><strong>Mike de Houck, le pivot du commerce de gros de poissons.<\/strong><\/p>\n<p style=\"text-align: center;\">Mike de Houck n\u2019est pas juste un commer\u00e7ant de poissons, mais un commer\u00e7ant avec une passion pour le poisson de la mer du Nord. Car pourquoi aller chercher des produits loin de chez nous, quand nous avons ici le plus beau poisson, p\u00each\u00e9 de mani\u00e8re responsable et provenant de notre propre mer? Ce m\u00e9tier aux d\u00e9fis imm\u00e9diats, o\u00f9 chaque jour est diff\u00e9rent, le poisson, la mer, les bateaux \u2013 ce m\u00e9tier qu\u2019est le commerce du poisson est pour Mike une v\u00e9ritable vocation.\u00a0Pour Mike, le plus grand d\u00e9fi est de travailler avec des produits extr\u00eamement frais ; le d\u00e9fi de montrer que c\u2019est possible.<\/p>\n\r\n\t\t<\/div>\r\n\t<\/div>\r\n<\/div><\/div><\/div><\/div><\/div><\/section><section class=\"l-section wpb_row height_full valign_center color_primary with_img\"><div class=\"l-section-img\" style=\"background-image: url(https:\/\/mikedehouck.nl\/wp-content\/uploads\/2015\/11\/Verwerking-Helbot-Vishandel-Mike-de-Houck-003.jpg);\" data-img-width=\"1500\" data-img-height=\"1000\"><\/div><div class=\"l-section-h i-cf\"><div class=\"g-cols vc_row type_default valign_top\"><div class=\"vc_col-sm-12 wpb_column vc_column_container\"><div class=\"vc_column-inner\"><div class=\"wpb_wrapper\"><div id=\"ultimate-heading-195569f1916f3e531\" class=\"uvc-heading ult-adjust-bottom-margin ultimate-heading-195569f1916f3e531 uvc-7819 \" data-hspacer=\"no_spacer\"  data-halign=\"center\" style=\"text-align:center\"><div class=\"uvc-heading-spacer no_spacer\" style=\"top\"><\/div><div class=\"uvc-main-heading ult-responsive\"  data-ultimate-target='.uvc-heading.ultimate-heading-195569f1916f3e531 h2'  data-responsive-json-new='{\"font-size\":\"desktop:88px;tablet:68px;tablet_portrait:68px;mobile_landscape:48px;mobile:48px;\",\"line-height\":\"\"}' ><h2 style=\"font-weight:bold;\">Commerce de gros de poissons<\/h2><\/div><div class=\"uvc-sub-heading ult-responsive\"  data-ultimate-target='.uvc-heading.ultimate-heading-195569f1916f3e531 .uvc-sub-heading '  data-responsive-json-new='{\"font-size\":\"\",\"line-height\":\"\"}'  style=\"font-weight:normal;\">Mike de Houck<\/div><\/div><\/div><\/div><\/div><\/div><\/div><\/section><section class=\"l-section wpb_row height_medium\"><div class=\"l-section-h i-cf\"><div class=\"g-cols vc_row type_default valign_top\"><div class=\"vc_col-sm-12 wpb_column vc_column_container\"><div class=\"vc_column-inner\"><div class=\"wpb_wrapper\"><div class=\"smile-icon-timeline-wrap csstime   \"     style=\"\"><div class=\"timeline-line \" style=\"border-right-color:;\"><span><\/span><\/div><div class=\"timeline-wrapper\"><div class=\"timeline-block \"><div class=\"timeline-dot\"><\/div><div class=\"ult-timeline-arrow\"><s><\/s><l><\/l><\/div><div class=\"timeline-icon-block\"><div class=\"ult-timeline-icon tl-icon-no-bg\" style=\"   \"><\/div> <!-- icon --><\/div><div class=\"timeline-header-block\" >\r\n\t\t\t\t\t\t\t<div id=\"timeline-item-1186\" class=\"timeline-header\" style=\"\"><h3 class=\"ult-timeline-title ult-responsive\"  data-ultimate-target='#timeline-item-1186 .ult-timeline-title'  data-responsive-json-new='{\"font-size\":\"\",\"line-height\":\"\"}'  style=\"\">2011: D\u00e9but<\/h3><div class=\"ult-responsive timeline-item-spt\"  data-ultimate-target='#timeline-item-1186 .timeline-item-spt'  data-responsive-json-new='{\"font-size\":\"\",\"line-height\":\"\"}'  style=\"\">Lorsqu\u2019il \u00e9tait enfant, Mike aidait dans le port de p\u00eache et \u00e0 quinze ans, il g\u00e9rait d\u00e9j\u00e0 son propre \u00e9tal de harengs \u00e0 Breskens. Apr\u00e8s des \u00e9tudes suivies \u00e0 l\u2019\u00e9cole maritime de Flessingue, il a travaill\u00e9 quatre ans pour un mareyeur \u00e0 Stekene. Le commerce du poisson lui plaisait tellement que m\u00eame pendant ses jours de cong\u00e9, il accompagnait encore un marchand de poisson de sa ville, dont Mike a repris l\u2019entreprise en janvier 2011.<\/div><\/div> <!-- header --><\/div><\/div><div class=\"timeline-block \"><div class=\"timeline-dot\"><\/div><div class=\"ult-timeline-arrow\"><s><\/s><l><\/l><\/div><div class=\"timeline-icon-block\"><div class=\"ult-timeline-icon tl-icon-no-bg\" style=\"   \"><\/div> <!-- icon --><\/div><div class=\"timeline-header-block\" >\r\n\t\t\t\t\t\t\t<div id=\"timeline-item-2716\" class=\"timeline-header\" style=\"\"><h3 class=\"ult-timeline-title ult-responsive\"  data-ultimate-target='#timeline-item-2716 .ult-timeline-title'  data-responsive-json-new='{\"font-size\":\"\",\"line-height\":\"\"}'  style=\"\">2013: Un \u00e9tablissement dans le port de Breskens<\/h3><div class=\"ult-responsive timeline-item-spt\"  data-ultimate-target='#timeline-item-2716 .timeline-item-spt'  data-responsive-json-new='{\"font-size\":\"\",\"line-height\":\"\"}'  style=\"\">Le poisson \u00e9tait dans un premier temps achet\u00e9 sur commande et vendu depuis un camion. Du fait d\u2019une demande toujours plus grande en poisson tri\u00e9, d\u00e9coup\u00e9 en filet et emball\u00e9, Mike d\u00e9cida en mai 2013 de remplacer les camions par un \u00e9tablissement dans le port de Breskens.<\/div><\/div> <!-- header --><\/div><\/div><\/div>\r\n\t\t\t\t<div id=\"timeline-seperator-9011\" class=\"timeline-separator-text \" data-sep-col=\"\" data-sep-bg-col=\"\"><span class=\"sep-text ult-responsive\"  data-ultimate-target='#timeline-seperator-9011 .sep-text'  data-responsive-json-new='{\"font-size\":\"\",\"line-height\":\"\"}'  style=\"border-width:1px;border-radius:5px;\">La soci\u00e9t\u00e9 continue de cro\u00eetre<\/span><\/div><div class=\"timeline-wrapper \"><\/div><div class=\"timeline-feature-item feat-item  \"><div class=\"feat-dot \"><div class=\"timeline-dot\"><\/div><\/div><div class=\"ult-timeline-arrow \"><s><\/s><l><\/l><\/div><div class=\"timeline-icon-block\"><div class=\"ult-timeline-icon tl-icon-no-bg\" style=\"   \"><\/div> <!-- icon --><\/div><div class=\"timeline-header-block\" >\r\n\t\t\t\t\t\t\t<div class=\"timeline-header\" id=\"timeline-featured-2000\"  style=\"\"><h3\r\n\t\t\t class=\"ult-timeline-title ult-responsive\"   data-ultimate-target='#timeline-featured-2000 .ult-timeline-title'  data-responsive-json-new='{\"font-size\":\"\",\"line-height\":\"\"}'  style=\"\">2015: La zone industrielle Deltahoek<\/h3><div class=\"ult-responsive custom-lht\"  data-ultimate-target='#timeline-featured-2000 .custom-lht'  data-responsive-json-new='{\"font-size\":\"\",\"line-height\":\"\"}'  style=\"\">Avec pas moins de vingt \u00e0 trente tonnes de cabillaud \u00e0 g\u00e9rer par semaine lors des semaines charg\u00e9es, cet \u00e9tablissement n\u2019\u00e9tait d\u00e9j\u00e0 plus adapt\u00e9 au bout de deux ans. Ainsi, l\u2019entreprise Mike de Houck, laquelle entre-temps faisait d\u00e9j\u00e0 travailler huit employ\u00e9s permanents et quelques personnes en contrat z\u00e9ro heure, s\u2019\u00e9tablit \u00e0 partir de l\u2019\u00e9t\u00e9 2015 dans la zone industrielle Deltahoek. Ici, l\u2019entreprise a suffisamment de place pour poursuivre sa croissance effr\u00e9n\u00e9e.<br \/>\n<a ref=\"magnificPopup\" href=\"https:\/\/mikedehouck.nl\/wp-content\/uploads\/2015\/12\/Vrachtwagen-Mike-de-Houck-Vishandel-002.jpg\"><img loading=\"lazy\" decoding=\"async\" class=\"alignnone wp-image-209 size-large\" src=\"https:\/\/mikedehouck.nl\/wp-content\/uploads\/2015\/12\/Vrachtwagen-Mike-de-Houck-Vishandel-002-1024x683.jpg\" alt=\"Vrachtwagen Mike de Houck Vishandel 002\" width=\"1024\" height=\"683\" srcset=\"https:\/\/mikedehouck.nl\/wp-content\/uploads\/2015\/12\/Vrachtwagen-Mike-de-Houck-Vishandel-002-1024x683.jpg 1024w, https:\/\/mikedehouck.nl\/wp-content\/uploads\/2015\/12\/Vrachtwagen-Mike-de-Houck-Vishandel-002-300x200.jpg 300w, https:\/\/mikedehouck.nl\/wp-content\/uploads\/2015\/12\/Vrachtwagen-Mike-de-Houck-Vishandel-002-600x400.jpg 600w, https:\/\/mikedehouck.nl\/wp-content\/uploads\/2015\/12\/Vrachtwagen-Mike-de-Houck-Vishandel-002.jpg 1500w\" sizes=\"auto, (max-width: 1024px) 100vw, 1024px\" \/><\/a><\/div><\/div> <!-- header --><\/div><\/div><div class=\"timeline-wrapper \"><\/div><\/div><\/div><\/div><\/div><\/div><\/div><\/section><section class=\"l-section wpb_row height_medium\" style=\"padding-right: 10% !important;padding-left: 10% !important;\"><div class=\"l-section-h i-cf\"><div class=\"g-cols vc_row type_default valign_top\"><div class=\"vc_col-sm-12 wpb_column vc_column_container\"><div class=\"vc_column-inner\"><div class=\"wpb_wrapper\">\r\n\t<div class=\"wpb_text_column \">\r\n\t\t<div class=\"wpb_wrapper\">\r\n\t\t\t<p><strong>Objectif pour l\u2019avenir<\/strong><\/p>\n<p>Notre ambition demeure de fournir du poisson de mer qui soit de qualit\u00e9 et aussi frais que possible. \u00c0 cette fin, il importe de faire avancer tout le processus aussi vite que possible. Cela est d\u2019ores et d\u00e9j\u00e0 notre objectif aujourd\u2019hui, et nous allons continuer \u00e0 y travailler dans l\u2019avenir. C\u2019est pourquoi l\u2019entreprise Mike van Houck s\u2019impliquera encore plus au cours des prochaines ann\u00e9es, car plus la cha\u00eene est courte, meilleure est la vision des choses, plus la progression est rapide et plus cela devient clair pour vous, le client.<\/p>\n\r\n\t\t<\/div>\r\n\t<\/div>\r\n<\/div><\/div><\/div><\/div><\/div><\/section><section class=\"l-section wpb_row height_large\"><div class=\"l-section-h i-cf\"><div class=\"g-cols vc_row type_default valign_top\"><div class=\"vc_col-sm-12 wpb_column vc_column_container\"><div class=\"vc_column-inner\"><div class=\"wpb_wrapper\"><div class=\"w-image align_none\"><div class=\"w-image-h\"><img loading=\"lazy\" decoding=\"async\" width=\"500\" height=\"170\" src=\"https:\/\/mikedehouck.nl\/wp-content\/uploads\/2015\/11\/Logo-Mike-de-Houck-02-e1477406259141.jpg\" class=\"attachment-full size-full\" alt=\"\" \/><\/div><\/div><\/div><\/div><\/div><\/div><\/div><\/section>\n","protected":false},"excerpt":{"rendered":"Mike de Houck, le pivot du commerce de gros de poissons. Mike de Houck n\u2019est pas juste un commer\u00e7ant de poissons, mais un commer\u00e7ant avec une passion pour le poisson de la mer du Nord. Car pourquoi aller chercher des produits loin de chez nous, quand nous avons ici le plus beau poisson, p\u00each\u00e9 de...","protected":false},"author":2,"featured_media":0,"parent":0,"menu_order":0,"comment_status":"closed","ping_status":"closed","template":"","meta":{"footnotes":""},"class_list":["post-394","page","type-page","status-publish","hentry"],"yoast_head":"<!-- This site is optimized with the Yoast SEO plugin v27.1.1 - https:\/\/yoast.com\/product\/yoast-seo-wordpress\/ -->\n<title>Commerce de gros de poissons - Mike de Houck<\/title>\n<meta name=\"robots\" content=\"index, follow, max-snippet:-1, max-image-preview:large, max-video-preview:-1\" \/>\n<link rel=\"canonical\" href=\"https:\/\/mikedehouck.nl\/fr\/commerce-de-gros-de-poissons\/\" \/>\n<meta property=\"og:locale\" content=\"fr_FR\" \/>\n<meta property=\"og:type\" content=\"article\" \/>\n<meta property=\"og:title\" content=\"Commerce de gros de poissons - Mike de Houck\" \/>\n<meta property=\"og:url\" content=\"https:\/\/mikedehouck.nl\/fr\/commerce-de-gros-de-poissons\/\" \/>\n<meta property=\"og:site_name\" content=\"Mike de Houck\" \/>\n<meta property=\"article:publisher\" content=\"https:\/\/www.facebook.com\/Vishandel-Mike-de-Houck-314775522256667\/\" \/>\n<meta property=\"article:modified_time\" content=\"2019-04-01T15:04:22+00:00\" \/>\n<meta property=\"og:image\" content=\"https:\/\/mikedehouck.nl\/wp-content\/uploads\/2015\/12\/Vrachtwagen-Mike-de-Houck-Vishandel-002-1024x683.jpg\" \/>\n<meta name=\"twitter:card\" content=\"summary_large_image\" \/>\n<meta name=\"twitter:label1\" content=\"Dur\u00e9e de lecture estim\u00e9e\" \/>\n\t<meta name=\"twitter:data1\" content=\"3 minutes\" \/>\n<script type=\"application\/ld+json\" class=\"yoast-schema-graph\">{\"@context\":\"https:\/\/schema.org\",\"@graph\":[{\"@type\":\"WebPage\",\"@id\":\"https:\/\/mikedehouck.nl\/fr\/commerce-de-gros-de-poissons\/\",\"url\":\"https:\/\/mikedehouck.nl\/fr\/commerce-de-gros-de-poissons\/\",\"name\":\"Commerce de gros de poissons - Mike de Houck\",\"isPartOf\":{\"@id\":\"https:\/\/mikedehouck.nl\/#website\"},\"primaryImageOfPage\":{\"@id\":\"https:\/\/mikedehouck.nl\/fr\/commerce-de-gros-de-poissons\/#primaryimage\"},\"image\":{\"@id\":\"https:\/\/mikedehouck.nl\/fr\/commerce-de-gros-de-poissons\/#primaryimage\"},\"thumbnailUrl\":\"https:\/\/mikedehouck.nl\/wp-content\/uploads\/2015\/12\/Vrachtwagen-Mike-de-Houck-Vishandel-002-1024x683.jpg\",\"datePublished\":\"2015-11-30T13:10:37+00:00\",\"dateModified\":\"2019-04-01T15:04:22+00:00\",\"breadcrumb\":{\"@id\":\"https:\/\/mikedehouck.nl\/fr\/commerce-de-gros-de-poissons\/#breadcrumb\"},\"inLanguage\":\"fr-FR\",\"potentialAction\":[{\"@type\":\"ReadAction\",\"target\":[\"https:\/\/mikedehouck.nl\/fr\/commerce-de-gros-de-poissons\/\"]}]},{\"@type\":\"ImageObject\",\"inLanguage\":\"fr-FR\",\"@id\":\"https:\/\/mikedehouck.nl\/fr\/commerce-de-gros-de-poissons\/#primaryimage\",\"url\":\"https:\/\/mikedehouck.nl\/wp-content\/uploads\/2015\/12\/Vrachtwagen-Mike-de-Houck-Vishandel-002-1024x683.jpg\",\"contentUrl\":\"https:\/\/mikedehouck.nl\/wp-content\/uploads\/2015\/12\/Vrachtwagen-Mike-de-Houck-Vishandel-002-1024x683.jpg\"},{\"@type\":\"BreadcrumbList\",\"@id\":\"https:\/\/mikedehouck.nl\/fr\/commerce-de-gros-de-poissons\/#breadcrumb\",\"itemListElement\":[{\"@type\":\"ListItem\",\"position\":1,\"name\":\"Home\",\"item\":\"https:\/\/mikedehouck.nl\/fr\/\"},{\"@type\":\"ListItem\",\"position\":2,\"name\":\"Commerce de gros de poissons\"}]},{\"@type\":\"WebSite\",\"@id\":\"https:\/\/mikedehouck.nl\/#website\",\"url\":\"https:\/\/mikedehouck.nl\/\",\"name\":\"Mike de Houck\",\"description\":\"Poisson de la mer du Nord constitue notre sp\u00e9cialit\u00e9\",\"publisher\":{\"@id\":\"https:\/\/mikedehouck.nl\/#organization\"},\"potentialAction\":[{\"@type\":\"SearchAction\",\"target\":{\"@type\":\"EntryPoint\",\"urlTemplate\":\"https:\/\/mikedehouck.nl\/?s={search_term_string}\"},\"query-input\":{\"@type\":\"PropertyValueSpecification\",\"valueRequired\":true,\"valueName\":\"search_term_string\"}}],\"inLanguage\":\"fr-FR\"},{\"@type\":\"Organization\",\"@id\":\"https:\/\/mikedehouck.nl\/#organization\",\"name\":\"Visgroothandel Mike de Houck\",\"url\":\"https:\/\/mikedehouck.nl\/\",\"logo\":{\"@type\":\"ImageObject\",\"inLanguage\":\"fr-FR\",\"@id\":\"https:\/\/mikedehouck.nl\/#\/schema\/logo\/image\/\",\"url\":\"https:\/\/mikedehouck.nl\/wp-content\/uploads\/2015\/11\/Logo-Mike-de-Houck.jpg\",\"contentUrl\":\"https:\/\/mikedehouck.nl\/wp-content\/uploads\/2015\/11\/Logo-Mike-de-Houck.jpg\",\"width\":877,\"height\":298,\"caption\":\"Visgroothandel Mike de Houck\"},\"image\":{\"@id\":\"https:\/\/mikedehouck.nl\/#\/schema\/logo\/image\/\"},\"sameAs\":[\"https:\/\/www.facebook.com\/Vishandel-Mike-de-Houck-314775522256667\/\"]}]}<\/script>\n<!-- \/ Yoast SEO plugin. -->","yoast_head_json":{"title":"Commerce de gros de poissons - Mike de Houck","robots":{"index":"index","follow":"follow","max-snippet":"max-snippet:-1","max-image-preview":"max-image-preview:large","max-video-preview":"max-video-preview:-1"},"canonical":"https:\/\/mikedehouck.nl\/fr\/commerce-de-gros-de-poissons\/","og_locale":"fr_FR","og_type":"article","og_title":"Commerce de gros de poissons - Mike de Houck","og_url":"https:\/\/mikedehouck.nl\/fr\/commerce-de-gros-de-poissons\/","og_site_name":"Mike de Houck","article_publisher":"https:\/\/www.facebook.com\/Vishandel-Mike-de-Houck-314775522256667\/","article_modified_time":"2019-04-01T15:04:22+00:00","og_image":[{"url":"https:\/\/mikedehouck.nl\/wp-content\/uploads\/2015\/12\/Vrachtwagen-Mike-de-Houck-Vishandel-002-1024x683.jpg","type":"","width":"","height":""}],"twitter_card":"summary_large_image","twitter_misc":{"Dur\u00e9e de lecture estim\u00e9e":"3 minutes"},"schema":{"@context":"https:\/\/schema.org","@graph":[{"@type":"WebPage","@id":"https:\/\/mikedehouck.nl\/fr\/commerce-de-gros-de-poissons\/","url":"https:\/\/mikedehouck.nl\/fr\/commerce-de-gros-de-poissons\/","name":"Commerce de gros de poissons - Mike de Houck","isPartOf":{"@id":"https:\/\/mikedehouck.nl\/#website"},"primaryImageOfPage":{"@id":"https:\/\/mikedehouck.nl\/fr\/commerce-de-gros-de-poissons\/#primaryimage"},"image":{"@id":"https:\/\/mikedehouck.nl\/fr\/commerce-de-gros-de-poissons\/#primaryimage"},"thumbnailUrl":"https:\/\/mikedehouck.nl\/wp-content\/uploads\/2015\/12\/Vrachtwagen-Mike-de-Houck-Vishandel-002-1024x683.jpg","datePublished":"2015-11-30T13:10:37+00:00","dateModified":"2019-04-01T15:04:22+00:00","breadcrumb":{"@id":"https:\/\/mikedehouck.nl\/fr\/commerce-de-gros-de-poissons\/#breadcrumb"},"inLanguage":"fr-FR","potentialAction":[{"@type":"ReadAction","target":["https:\/\/mikedehouck.nl\/fr\/commerce-de-gros-de-poissons\/"]}]},{"@type":"ImageObject","inLanguage":"fr-FR","@id":"https:\/\/mikedehouck.nl\/fr\/commerce-de-gros-de-poissons\/#primaryimage","url":"https:\/\/mikedehouck.nl\/wp-content\/uploads\/2015\/12\/Vrachtwagen-Mike-de-Houck-Vishandel-002-1024x683.jpg","contentUrl":"https:\/\/mikedehouck.nl\/wp-content\/uploads\/2015\/12\/Vrachtwagen-Mike-de-Houck-Vishandel-002-1024x683.jpg"},{"@type":"BreadcrumbList","@id":"https:\/\/mikedehouck.nl\/fr\/commerce-de-gros-de-poissons\/#breadcrumb","itemListElement":[{"@type":"ListItem","position":1,"name":"Home","item":"https:\/\/mikedehouck.nl\/fr\/"},{"@type":"ListItem","position":2,"name":"Commerce de gros de poissons"}]},{"@type":"WebSite","@id":"https:\/\/mikedehouck.nl\/#website","url":"https:\/\/mikedehouck.nl\/","name":"Mike de Houck","description":"Poisson de la mer du Nord constitue notre sp\u00e9cialit\u00e9","publisher":{"@id":"https:\/\/mikedehouck.nl\/#organization"},"potentialAction":[{"@type":"SearchAction","target":{"@type":"EntryPoint","urlTemplate":"https:\/\/mikedehouck.nl\/?s={search_term_string}"},"query-input":{"@type":"PropertyValueSpecification","valueRequired":true,"valueName":"search_term_string"}}],"inLanguage":"fr-FR"},{"@type":"Organization","@id":"https:\/\/mikedehouck.nl\/#organization","name":"Visgroothandel Mike de Houck","url":"https:\/\/mikedehouck.nl\/","logo":{"@type":"ImageObject","inLanguage":"fr-FR","@id":"https:\/\/mikedehouck.nl\/#\/schema\/logo\/image\/","url":"https:\/\/mikedehouck.nl\/wp-content\/uploads\/2015\/11\/Logo-Mike-de-Houck.jpg","contentUrl":"https:\/\/mikedehouck.nl\/wp-content\/uploads\/2015\/11\/Logo-Mike-de-Houck.jpg","width":877,"height":298,"caption":"Visgroothandel Mike de Houck"},"image":{"@id":"https:\/\/mikedehouck.nl\/#\/schema\/logo\/image\/"},"sameAs":["https:\/\/www.facebook.com\/Vishandel-Mike-de-Houck-314775522256667\/"]}]}},"_links":{"self":[{"href":"https:\/\/mikedehouck.nl\/fr\/wp-json\/wp\/v2\/pages\/394\/"}],"collection":[{"href":"https:\/\/mikedehouck.nl\/fr\/wp-json\/wp\/v2\/pages\/"}],"about":[{"href":"https:\/\/mikedehouck.nl\/fr\/wp-json\/wp\/v2\/types\/page\/"}],"author":[{"embeddable":true,"href":"https:\/\/mikedehouck.nl\/fr\/wp-json\/wp\/v2\/users\/2\/"}],"replies":[{"embeddable":true,"href":"https:\/\/mikedehouck.nl\/fr\/wp-json\/wp\/v2\/comments\/?post=394"}],"version-history":[{"count":7,"href":"https:\/\/mikedehouck.nl\/fr\/wp-json\/wp\/v2\/pages\/394\/revisions\/"}],"predecessor-version":[{"id":4478,"href":"https:\/\/mikedehouck.nl\/fr\/wp-json\/wp\/v2\/pages\/394\/revisions\/4478\/"}],"wp:attachment":[{"href":"https:\/\/mikedehouck.nl\/fr\/wp-json\/wp\/v2\/media\/?parent=394"}],"curies":[{"name":"wp","href":"https:\/\/api.w.org\/{rel}","templated":true}]}}