{"id":372,"date":"2015-11-30T15:50:46","date_gmt":"2015-11-30T14:50:46","guid":{"rendered":"https:\/\/mikedehouck.nl\/de\/?page_id=372"},"modified":"2019-04-01T16:04:16","modified_gmt":"2019-04-01T15:04:16","slug":"guetesiegel","status":"publish","type":"page","link":"https:\/\/mikedehouck.nl\/de\/fischgrosshandlung\/guetesiegel\/","title":{"rendered":"G\u00fctesiegel"},"content":{"rendered":"<section class=\"l-section wpb_row height_medium color_alternate\"><div class=\"l-section-h i-cf\"><div class=\"g-cols vc_row type_default valign_middle\"><div class=\"vc_col-sm-12 wpb_column vc_column_container\"><div class=\"vc_column-inner\"><div class=\"wpb_wrapper\"><h1 class=\"w-page-title align_center\" itemprop=\"headline\" style=\"font-family:&#039;PT Sans&#039;, sans-serif;\">G\u00fctesiegel<\/h1><\/div><\/div><\/div><\/div><\/div><\/section><section class=\"l-section wpb_row height_medium\"><div class=\"l-section-h i-cf\"><div class=\"g-cols vc_row type_default valign_top\"><div class=\"vc_col-sm-6 wpb_column vc_column_container\"><div class=\"vc_column-inner\"><div class=\"wpb_wrapper\">\r\n\t<div class=\"wpb_text_column \">\r\n\t\t<div class=\"wpb_wrapper\">\r\n\t\t\t<p>Eine nachhaltige Bewirtschaftung der Fischbest\u00e4nde halten wir f\u00fcr sehr wichtig. Wir m\u00f6chten das Leben im Meer so wenig m\u00f6glich sch\u00e4digen und einen Beitrag leisten, sowie zum Beispiel ein minimaler Beifang. Aus diesem Grund verkaufen wir auch Fisch mit dem MSC-G\u00fctesiegel (Marine Stewardship Council)\u00a0und auch das ASC-G\u00fctesiegel f\u00fcr Zuchtfisch. Obschon wir uns auf Nordseefisch spezialisiert haben, liefern wir, auf Anfrage, auch Zuchtfisch.<\/p>\n\r\n\t\t<\/div>\r\n\t<\/div>\r\n<div class=\"w-separator size_medium\"><\/div><\/div><\/div><\/div><div class=\"vc_col-sm-6 wpb_column vc_column_container\"><div class=\"vc_column-inner\"><div class=\"wpb_wrapper\"><div class=\"w-image align_none\"><div class=\"w-image-h\"><img loading=\"lazy\" decoding=\"async\" width=\"591\" height=\"502\" src=\"https:\/\/mikedehouck.nl\/wp-content\/uploads\/2015\/11\/keurmerken-vis-asc-en-msc.png\" class=\"attachment-full size-full\" alt=\"\" srcset=\"https:\/\/mikedehouck.nl\/wp-content\/uploads\/2015\/11\/keurmerken-vis-asc-en-msc.png 591w, https:\/\/mikedehouck.nl\/wp-content\/uploads\/2015\/11\/keurmerken-vis-asc-en-msc-300x255.png 300w\" sizes=\"auto, (max-width: 591px) 100vw, 591px\" \/><\/div><\/div><\/div><\/div><\/div><\/div><\/div><\/section>\n","protected":false},"excerpt":{"rendered":"G\u00fctesiegel Eine nachhaltige Bewirtschaftung der Fischbest\u00e4nde halten wir f\u00fcr sehr wichtig. Wir m\u00f6chten das Leben im Meer so wenig m\u00f6glich sch\u00e4digen und einen Beitrag leisten, sowie zum Beispiel ein minimaler Beifang. Aus diesem Grund verkaufen wir auch Fisch mit dem MSC-G\u00fctesiegel (Marine Stewardship Council)\u00a0und auch das ASC-G\u00fctesiegel f\u00fcr Zuchtfisch. Obschon wir uns auf Nordseefisch spezialisiert...","protected":false},"author":2,"featured_media":0,"parent":361,"menu_order":0,"comment_status":"closed","ping_status":"closed","template":"","meta":{"footnotes":""},"class_list":["post-372","page","type-page","status-publish","hentry"],"yoast_head":"<!-- This site is optimized with the Yoast SEO plugin v27.1.1 - https:\/\/yoast.com\/product\/yoast-seo-wordpress\/ -->\n<title>G\u00fctesiegel - Mike de Houck<\/title>\n<meta name=\"robots\" content=\"index, follow, max-snippet:-1, max-image-preview:large, max-video-preview:-1\" \/>\n<link rel=\"canonical\" href=\"https:\/\/mikedehouck.nl\/de\/fischgrosshandlung\/guetesiegel\/\" \/>\n<meta property=\"og:locale\" content=\"de_DE\" \/>\n<meta property=\"og:type\" content=\"article\" \/>\n<meta property=\"og:title\" content=\"G\u00fctesiegel - Mike de Houck\" \/>\n<meta property=\"og:url\" content=\"https:\/\/mikedehouck.nl\/de\/fischgrosshandlung\/guetesiegel\/\" \/>\n<meta property=\"og:site_name\" content=\"Mike de Houck\" \/>\n<meta property=\"article:publisher\" content=\"https:\/\/www.facebook.com\/Vishandel-Mike-de-Houck-314775522256667\/\" \/>\n<meta property=\"article:modified_time\" content=\"2019-04-01T15:04:16+00:00\" \/>\n<meta name=\"twitter:card\" content=\"summary_large_image\" \/>\n<meta name=\"twitter:label1\" content=\"Gesch\u00e4tzte Lesezeit\" \/>\n\t<meta name=\"twitter:data1\" content=\"1\u00a0Minute\" \/>\n<script type=\"application\/ld+json\" class=\"yoast-schema-graph\">{\"@context\":\"https:\/\/schema.org\",\"@graph\":[{\"@type\":\"WebPage\",\"@id\":\"https:\/\/mikedehouck.nl\/de\/fischgrosshandlung\/guetesiegel\/\",\"url\":\"https:\/\/mikedehouck.nl\/de\/fischgrosshandlung\/guetesiegel\/\",\"name\":\"G\u00fctesiegel - Mike de Houck\",\"isPartOf\":{\"@id\":\"https:\/\/mikedehouck.nl\/#website\"},\"datePublished\":\"2015-11-30T14:50:46+00:00\",\"dateModified\":\"2019-04-01T15:04:16+00:00\",\"breadcrumb\":{\"@id\":\"https:\/\/mikedehouck.nl\/de\/fischgrosshandlung\/guetesiegel\/#breadcrumb\"},\"inLanguage\":\"de\",\"potentialAction\":[{\"@type\":\"ReadAction\",\"target\":[\"https:\/\/mikedehouck.nl\/de\/fischgrosshandlung\/guetesiegel\/\"]}]},{\"@type\":\"BreadcrumbList\",\"@id\":\"https:\/\/mikedehouck.nl\/de\/fischgrosshandlung\/guetesiegel\/#breadcrumb\",\"itemListElement\":[{\"@type\":\"ListItem\",\"position\":1,\"name\":\"Home\",\"item\":\"https:\/\/mikedehouck.nl\/de\/\"},{\"@type\":\"ListItem\",\"position\":2,\"name\":\"Fischgro\u00dfhandlung\",\"item\":\"https:\/\/mikedehouck.nl\/de\/fischgrosshandlung\/\"},{\"@type\":\"ListItem\",\"position\":3,\"name\":\"G\u00fctesiegel\"}]},{\"@type\":\"WebSite\",\"@id\":\"https:\/\/mikedehouck.nl\/#website\",\"url\":\"https:\/\/mikedehouck.nl\/\",\"name\":\"Mike de Houck\",\"description\":\"Spezialisiert auf Nordseefisch\",\"publisher\":{\"@id\":\"https:\/\/mikedehouck.nl\/#organization\"},\"potentialAction\":[{\"@type\":\"SearchAction\",\"target\":{\"@type\":\"EntryPoint\",\"urlTemplate\":\"https:\/\/mikedehouck.nl\/?s={search_term_string}\"},\"query-input\":{\"@type\":\"PropertyValueSpecification\",\"valueRequired\":true,\"valueName\":\"search_term_string\"}}],\"inLanguage\":\"de\"},{\"@type\":\"Organization\",\"@id\":\"https:\/\/mikedehouck.nl\/#organization\",\"name\":\"Visgroothandel Mike de Houck\",\"url\":\"https:\/\/mikedehouck.nl\/\",\"logo\":{\"@type\":\"ImageObject\",\"inLanguage\":\"de\",\"@id\":\"https:\/\/mikedehouck.nl\/#\/schema\/logo\/image\/\",\"url\":\"https:\/\/mikedehouck.nl\/wp-content\/uploads\/2015\/11\/Logo-Mike-de-Houck.jpg\",\"contentUrl\":\"https:\/\/mikedehouck.nl\/wp-content\/uploads\/2015\/11\/Logo-Mike-de-Houck.jpg\",\"width\":877,\"height\":298,\"caption\":\"Visgroothandel Mike de Houck\"},\"image\":{\"@id\":\"https:\/\/mikedehouck.nl\/#\/schema\/logo\/image\/\"},\"sameAs\":[\"https:\/\/www.facebook.com\/Vishandel-Mike-de-Houck-314775522256667\/\"]}]}<\/script>\n<!-- \/ Yoast SEO plugin. -->","yoast_head_json":{"title":"G\u00fctesiegel - Mike de Houck","robots":{"index":"index","follow":"follow","max-snippet":"max-snippet:-1","max-image-preview":"max-image-preview:large","max-video-preview":"max-video-preview:-1"},"canonical":"https:\/\/mikedehouck.nl\/de\/fischgrosshandlung\/guetesiegel\/","og_locale":"de_DE","og_type":"article","og_title":"G\u00fctesiegel - Mike de Houck","og_url":"https:\/\/mikedehouck.nl\/de\/fischgrosshandlung\/guetesiegel\/","og_site_name":"Mike de Houck","article_publisher":"https:\/\/www.facebook.com\/Vishandel-Mike-de-Houck-314775522256667\/","article_modified_time":"2019-04-01T15:04:16+00:00","twitter_card":"summary_large_image","twitter_misc":{"Gesch\u00e4tzte Lesezeit":"1\u00a0Minute"},"schema":{"@context":"https:\/\/schema.org","@graph":[{"@type":"WebPage","@id":"https:\/\/mikedehouck.nl\/de\/fischgrosshandlung\/guetesiegel\/","url":"https:\/\/mikedehouck.nl\/de\/fischgrosshandlung\/guetesiegel\/","name":"G\u00fctesiegel - Mike de Houck","isPartOf":{"@id":"https:\/\/mikedehouck.nl\/#website"},"datePublished":"2015-11-30T14:50:46+00:00","dateModified":"2019-04-01T15:04:16+00:00","breadcrumb":{"@id":"https:\/\/mikedehouck.nl\/de\/fischgrosshandlung\/guetesiegel\/#breadcrumb"},"inLanguage":"de","potentialAction":[{"@type":"ReadAction","target":["https:\/\/mikedehouck.nl\/de\/fischgrosshandlung\/guetesiegel\/"]}]},{"@type":"BreadcrumbList","@id":"https:\/\/mikedehouck.nl\/de\/fischgrosshandlung\/guetesiegel\/#breadcrumb","itemListElement":[{"@type":"ListItem","position":1,"name":"Home","item":"https:\/\/mikedehouck.nl\/de\/"},{"@type":"ListItem","position":2,"name":"Fischgro\u00dfhandlung","item":"https:\/\/mikedehouck.nl\/de\/fischgrosshandlung\/"},{"@type":"ListItem","position":3,"name":"G\u00fctesiegel"}]},{"@type":"WebSite","@id":"https:\/\/mikedehouck.nl\/#website","url":"https:\/\/mikedehouck.nl\/","name":"Mike de Houck","description":"Spezialisiert auf Nordseefisch","publisher":{"@id":"https:\/\/mikedehouck.nl\/#organization"},"potentialAction":[{"@type":"SearchAction","target":{"@type":"EntryPoint","urlTemplate":"https:\/\/mikedehouck.nl\/?s={search_term_string}"},"query-input":{"@type":"PropertyValueSpecification","valueRequired":true,"valueName":"search_term_string"}}],"inLanguage":"de"},{"@type":"Organization","@id":"https:\/\/mikedehouck.nl\/#organization","name":"Visgroothandel Mike de Houck","url":"https:\/\/mikedehouck.nl\/","logo":{"@type":"ImageObject","inLanguage":"de","@id":"https:\/\/mikedehouck.nl\/#\/schema\/logo\/image\/","url":"https:\/\/mikedehouck.nl\/wp-content\/uploads\/2015\/11\/Logo-Mike-de-Houck.jpg","contentUrl":"https:\/\/mikedehouck.nl\/wp-content\/uploads\/2015\/11\/Logo-Mike-de-Houck.jpg","width":877,"height":298,"caption":"Visgroothandel Mike de Houck"},"image":{"@id":"https:\/\/mikedehouck.nl\/#\/schema\/logo\/image\/"},"sameAs":["https:\/\/www.facebook.com\/Vishandel-Mike-de-Houck-314775522256667\/"]}]}},"_links":{"self":[{"href":"https:\/\/mikedehouck.nl\/de\/wp-json\/wp\/v2\/pages\/372\/"}],"collection":[{"href":"https:\/\/mikedehouck.nl\/de\/wp-json\/wp\/v2\/pages\/"}],"about":[{"href":"https:\/\/mikedehouck.nl\/de\/wp-json\/wp\/v2\/types\/page\/"}],"author":[{"embeddable":true,"href":"https:\/\/mikedehouck.nl\/de\/wp-json\/wp\/v2\/users\/2\/"}],"replies":[{"embeddable":true,"href":"https:\/\/mikedehouck.nl\/de\/wp-json\/wp\/v2\/comments\/?post=372"}],"version-history":[{"count":5,"href":"https:\/\/mikedehouck.nl\/de\/wp-json\/wp\/v2\/pages\/372\/revisions\/"}],"predecessor-version":[{"id":4434,"href":"https:\/\/mikedehouck.nl\/de\/wp-json\/wp\/v2\/pages\/372\/revisions\/4434\/"}],"up":[{"embeddable":true,"href":"https:\/\/mikedehouck.nl\/de\/wp-json\/wp\/v2\/pages\/361\/"}],"wp:attachment":[{"href":"https:\/\/mikedehouck.nl\/de\/wp-json\/wp\/v2\/media\/?parent=372"}],"curies":[{"name":"wp","href":"https:\/\/api.w.org\/{rel}","templated":true}]}}