{"id":358,"date":"2015-11-30T12:28:38","date_gmt":"2015-11-30T11:28:38","guid":{"rendered":"https:\/\/mikedehouck.nl\/fr\/?page_id=358"},"modified":"2019-04-01T16:04:24","modified_gmt":"2019-04-01T15:04:24","slug":"home","status":"publish","type":"page","link":"https:\/\/mikedehouck.nl\/de\/","title":{"rendered":"Home"},"content":{"rendered":"<section class=\"l-section wpb_row height_auto\"><div class=\"l-section-h i-cf\"><div class=\"g-cols vc_row type_default valign_top\"><div class=\"vc_col-sm-12 wpb_column vc_column_container\"><div class=\"vc_column-inner\"><div class=\"wpb_wrapper\">[rev_slider_vc alias=&#8221;home&#8221;]<\/div><\/div><\/div><\/div><\/div><\/section><section class=\"l-section wpb_row height_full valign_center color_primary with_img parallax_ver\"><div class=\"l-section-img\" style=\"background-image: url(https:\/\/mikedehouck.nl\/wp-content\/uploads\/2015\/11\/Westerschelde-Breskens-003.jpg);\" data-img-width=\"1500\" data-img-height=\"1000\"><\/div><div class=\"l-section-h i-cf\"><div class=\"g-cols vc_row type_default valign_top\"><div class=\"vc_col-sm-12 wpb_column vc_column_container\"><div class=\"vc_column-inner\"><div class=\"wpb_wrapper\"><div id=\"ult-easy-separator-8883997576a007ed9d2727\" class=\"ult-easy-separator-wrapper ult-responsive ult-top-easy-separator  \" style=\"\" data-vc-row=\"wpb_row\"  data-ultimate-target='#ult-easy-separator-8883997576a007ed9d2727'  data-responsive-json-new='{\"width\":\"desktop:150px;\"}' ><div class=\"ult-easy-separator-inner-wrapper\"><div class=\"ult-no-animation\" style=\"opacity:0;\"   ><img decoding=\"async\" class=\"ult-easy-separator-img\" alt=\"\" src=\"https:\/\/mikedehouck.nl\/wp-content\/uploads\/2015\/11\/noordzeevis-badge-klein.png\" \/><\/div><\/div><\/div><div id=\"ultimate-heading-83036a007ed9d276f\" class=\"uvc-heading ult-adjust-bottom-margin ultimate-heading-83036a007ed9d276f uvc-9861 \" data-hspacer=\"no_spacer\"  data-halign=\"center\" style=\"text-align:center\"><div class=\"uvc-heading-spacer no_spacer\" style=\"top\"><\/div><div class=\"uvc-main-heading ult-responsive\"  data-ultimate-target='.uvc-heading.ultimate-heading-83036a007ed9d276f h2'  data-responsive-json-new='{\"font-size\":\"desktop:88px;tablet:68px;tablet_portrait:68px;mobile_landscape:48px;mobile:48px;\",\"line-height\":\"\"}' ><h2 style=\"font-weight:bold;\">Nordseefisch<\/h2><\/div><div class=\"uvc-sub-heading ult-responsive\"  data-ultimate-target='.uvc-heading.ultimate-heading-83036a007ed9d276f .uvc-sub-heading '  data-responsive-json-new='{\"font-size\":\"\",\"line-height\":\"\"}'  style=\"font-weight:normal;\">Unsere Spezialit\u00e4t<\/div><\/div><\/div><\/div><\/div><\/div><\/div><\/section><section class=\"l-section wpb_row height_full valign_top color_primary with_img parallax_ver\"><div class=\"l-section-img\" style=\"background-image: url(https:\/\/mikedehouck.nl\/wp-content\/uploads\/2015\/11\/Coquilles-Vishandel-Mike-de-Houck-001.jpg);\" data-img-width=\"1440\" data-img-height=\"960\"><\/div><div class=\"l-section-h i-cf\"><div class=\"g-cols vc_row type_default valign_top\"><div class=\"vc_col-sm-12 wpb_column vc_column_container\"><div class=\"vc_column-inner\"><div class=\"wpb_wrapper\"><div id=\"ultimate-heading-10026a007ed9d29fc\" class=\"uvc-heading ult-adjust-bottom-margin ultimate-heading-10026a007ed9d29fc uvc-710 \" data-hspacer=\"no_spacer\"  data-halign=\"center\" style=\"text-align:center\"><div class=\"uvc-heading-spacer no_spacer\" style=\"top\"><\/div><div class=\"uvc-main-heading ult-responsive\"  data-ultimate-target='.uvc-heading.ultimate-heading-10026a007ed9d29fc h2'  data-responsive-json-new='{\"font-size\":\"desktop:88px;tablet:68px;tablet_portrait:68px;mobile_landscape:48px;mobile:48px;\",\"line-height\":\"\"}' ><h2 style=\"font-weight:bold;\">Unsere Produkte<\/h2><\/div><div class=\"uvc-sub-heading ult-responsive\"  data-ultimate-target='.uvc-heading.ultimate-heading-10026a007ed9d29fc .uvc-sub-heading '  data-responsive-json-new='{\"font-size\":\"\",\"line-height\":\"\"}'  style=\"font-weight:normal;\">Eine Auge f\u00fcr die beste Qualit\u00e4t<\/div><\/div><div class=\"w-separator size_medium\"><\/div><div class=\" ubtn-ctn-center \"><a class=\"ubtn-link ult-adjust-bottom-margin ubtn-center ubtn-normal \" href=\"http:\/\/mikedehouck.nl\/visgroothandel\/assortiment\/\" ><button type=\"button\" id=\"ubtn-6160\"  class=\"ubtn ult-adjust-bottom-margin ult-responsive ubtn-normal ubtn-no-hover-bg  none  ubtn-center   tooltip-6a007ed9d2e44\"  data-hover=\"#29b28f\" data-border-color=\"#ffffff\" data-bg=\"\" data-hover-bg=\"rgba(255,255,255,0.85)\" data-border-hover=\"#ffffff\" data-shadow-hover=\"\" data-shadow-click=\"none\" data-shadow=\"\" data-shd-shadow=\"\"  data-ultimate-target='#ubtn-6160'  data-responsive-json-new='{\"font-size\":\"\",\"line-height\":\"\"}'  style=\"font-family:&#039;Aldrich&#039;;font-weight:bold;border-radius:1px;border-width:3px;border-color:#ffffff;border-style:solid;color: #ffffff;\"><span class=\"ubtn-hover\" style=\"background-color:rgba(255,255,255,0.85)\"><\/span><span class=\"ubtn-data ubtn-text \" >Produkten Sehen<\/span><\/button><\/a><\/div><\/div><\/div><\/div><\/div><\/div><\/section><section class=\"l-section wpb_row height_full valign_top color_primary with_img\"><div class=\"l-section-img\" style=\"background-image: url(https:\/\/mikedehouck.nl\/wp-content\/uploads\/2015\/11\/Vissershaven-Breskens-002.jpg);\" data-img-width=\"1500\" data-img-height=\"1000\"><\/div><div class=\"l-section-h i-cf\"><div class=\"g-cols vc_row type_default valign_top\"><div class=\"vc_col-sm-12 wpb_column vc_column_container\"><div class=\"vc_column-inner\"><div class=\"wpb_wrapper\"><div id=\"ultimate-heading-86336a007ed9d311b\" class=\"uvc-heading ult-adjust-bottom-margin ultimate-heading-86336a007ed9d311b uvc-4609 \" data-hspacer=\"no_spacer\"  data-halign=\"center\" style=\"text-align:center\"><div class=\"uvc-heading-spacer no_spacer\" style=\"top\"><\/div><div class=\"uvc-main-heading ult-responsive\"  data-ultimate-target='.uvc-heading.ultimate-heading-86336a007ed9d311b h2'  data-responsive-json-new='{\"font-size\":\"desktop:88px;tablet:68px;tablet_portrait:68px;mobile_landscape:48px;mobile:48px;\",\"line-height\":\"\"}' ><h2 style=\"font-weight:bold;\">Unsere Seehaven<\/h2><\/div><div class=\"uvc-sub-heading ult-responsive\"  data-ultimate-target='.uvc-heading.ultimate-heading-86336a007ed9d311b .uvc-sub-heading '  data-responsive-json-new='{\"font-size\":\"\",\"line-height\":\"\"}'  style=\"font-weight:normal;\">Breskens<\/div><\/div><\/div><\/div><\/div><\/div><\/div><\/section>\n","protected":false},"excerpt":{"rendered":"[rev_slider_vc alias=\"home\"]NordseefischUnsere Spezialit\u00e4tUnsere ProdukteEine Auge f\u00fcr die beste Qualit\u00e4tProdukten SehenUnsere SeehavenBreskens","protected":false},"author":2,"featured_media":0,"parent":0,"menu_order":0,"comment_status":"closed","ping_status":"closed","template":"","meta":{"footnotes":""},"class_list":["post-358","page","type-page","status-publish","hentry"],"yoast_head":"<!-- This site is optimized with the Yoast SEO plugin v27.1.1 - https:\/\/yoast.com\/product\/yoast-seo-wordpress\/ -->\n<title>Home - Mike de Houck<\/title>\n<meta name=\"robots\" content=\"index, follow, max-snippet:-1, max-image-preview:large, max-video-preview:-1\" \/>\n<link rel=\"canonical\" href=\"https:\/\/mikedehouck.nl\/de\/\" \/>\n<meta property=\"og:locale\" content=\"de_DE\" \/>\n<meta property=\"og:type\" content=\"article\" \/>\n<meta property=\"og:title\" content=\"Home - Mike de Houck\" \/>\n<meta property=\"og:url\" content=\"https:\/\/mikedehouck.nl\/de\/\" \/>\n<meta property=\"og:site_name\" content=\"Mike de Houck\" \/>\n<meta property=\"article:publisher\" content=\"https:\/\/www.facebook.com\/Vishandel-Mike-de-Houck-314775522256667\/\" \/>\n<meta property=\"article:modified_time\" content=\"2019-04-01T15:04:24+00:00\" \/>\n<meta name=\"twitter:card\" content=\"summary_large_image\" \/>\n<meta name=\"twitter:label1\" content=\"Gesch\u00e4tzte Lesezeit\" \/>\n\t<meta name=\"twitter:data1\" content=\"2\u00a0Minuten\" \/>\n<script type=\"application\/ld+json\" class=\"yoast-schema-graph\">{\"@context\":\"https:\/\/schema.org\",\"@graph\":[{\"@type\":\"WebPage\",\"@id\":\"https:\/\/mikedehouck.nl\/de\/\",\"url\":\"https:\/\/mikedehouck.nl\/de\/\",\"name\":\"Home - Mike de Houck\",\"isPartOf\":{\"@id\":\"https:\/\/mikedehouck.nl\/#website\"},\"datePublished\":\"2015-11-30T11:28:38+00:00\",\"dateModified\":\"2019-04-01T15:04:24+00:00\",\"breadcrumb\":{\"@id\":\"https:\/\/mikedehouck.nl\/de\/#breadcrumb\"},\"inLanguage\":\"de\",\"potentialAction\":[{\"@type\":\"ReadAction\",\"target\":[\"https:\/\/mikedehouck.nl\/de\/\"]}]},{\"@type\":\"BreadcrumbList\",\"@id\":\"https:\/\/mikedehouck.nl\/de\/#breadcrumb\",\"itemListElement\":[{\"@type\":\"ListItem\",\"position\":1,\"name\":\"Home\",\"item\":\"https:\/\/mikedehouck.nl\/de\/\"},{\"@type\":\"ListItem\",\"position\":2,\"name\":\"Home\"}]},{\"@type\":\"WebSite\",\"@id\":\"https:\/\/mikedehouck.nl\/#website\",\"url\":\"https:\/\/mikedehouck.nl\/\",\"name\":\"Mike de Houck\",\"description\":\"Spezialisiert auf Nordseefisch\",\"publisher\":{\"@id\":\"https:\/\/mikedehouck.nl\/#organization\"},\"potentialAction\":[{\"@type\":\"SearchAction\",\"target\":{\"@type\":\"EntryPoint\",\"urlTemplate\":\"https:\/\/mikedehouck.nl\/?s={search_term_string}\"},\"query-input\":{\"@type\":\"PropertyValueSpecification\",\"valueRequired\":true,\"valueName\":\"search_term_string\"}}],\"inLanguage\":\"de\"},{\"@type\":\"Organization\",\"@id\":\"https:\/\/mikedehouck.nl\/#organization\",\"name\":\"Visgroothandel Mike de Houck\",\"url\":\"https:\/\/mikedehouck.nl\/\",\"logo\":{\"@type\":\"ImageObject\",\"inLanguage\":\"de\",\"@id\":\"https:\/\/mikedehouck.nl\/#\/schema\/logo\/image\/\",\"url\":\"https:\/\/mikedehouck.nl\/wp-content\/uploads\/2015\/11\/Logo-Mike-de-Houck.jpg\",\"contentUrl\":\"https:\/\/mikedehouck.nl\/wp-content\/uploads\/2015\/11\/Logo-Mike-de-Houck.jpg\",\"width\":877,\"height\":298,\"caption\":\"Visgroothandel Mike de Houck\"},\"image\":{\"@id\":\"https:\/\/mikedehouck.nl\/#\/schema\/logo\/image\/\"},\"sameAs\":[\"https:\/\/www.facebook.com\/Vishandel-Mike-de-Houck-314775522256667\/\"]}]}<\/script>\n<!-- \/ Yoast SEO plugin. -->","yoast_head_json":{"title":"Home - Mike de Houck","robots":{"index":"index","follow":"follow","max-snippet":"max-snippet:-1","max-image-preview":"max-image-preview:large","max-video-preview":"max-video-preview:-1"},"canonical":"https:\/\/mikedehouck.nl\/de\/","og_locale":"de_DE","og_type":"article","og_title":"Home - Mike de Houck","og_url":"https:\/\/mikedehouck.nl\/de\/","og_site_name":"Mike de Houck","article_publisher":"https:\/\/www.facebook.com\/Vishandel-Mike-de-Houck-314775522256667\/","article_modified_time":"2019-04-01T15:04:24+00:00","twitter_card":"summary_large_image","twitter_misc":{"Gesch\u00e4tzte Lesezeit":"2\u00a0Minuten"},"schema":{"@context":"https:\/\/schema.org","@graph":[{"@type":"WebPage","@id":"https:\/\/mikedehouck.nl\/de\/","url":"https:\/\/mikedehouck.nl\/de\/","name":"Home - Mike de Houck","isPartOf":{"@id":"https:\/\/mikedehouck.nl\/#website"},"datePublished":"2015-11-30T11:28:38+00:00","dateModified":"2019-04-01T15:04:24+00:00","breadcrumb":{"@id":"https:\/\/mikedehouck.nl\/de\/#breadcrumb"},"inLanguage":"de","potentialAction":[{"@type":"ReadAction","target":["https:\/\/mikedehouck.nl\/de\/"]}]},{"@type":"BreadcrumbList","@id":"https:\/\/mikedehouck.nl\/de\/#breadcrumb","itemListElement":[{"@type":"ListItem","position":1,"name":"Home","item":"https:\/\/mikedehouck.nl\/de\/"},{"@type":"ListItem","position":2,"name":"Home"}]},{"@type":"WebSite","@id":"https:\/\/mikedehouck.nl\/#website","url":"https:\/\/mikedehouck.nl\/","name":"Mike de Houck","description":"Spezialisiert auf Nordseefisch","publisher":{"@id":"https:\/\/mikedehouck.nl\/#organization"},"potentialAction":[{"@type":"SearchAction","target":{"@type":"EntryPoint","urlTemplate":"https:\/\/mikedehouck.nl\/?s={search_term_string}"},"query-input":{"@type":"PropertyValueSpecification","valueRequired":true,"valueName":"search_term_string"}}],"inLanguage":"de"},{"@type":"Organization","@id":"https:\/\/mikedehouck.nl\/#organization","name":"Visgroothandel Mike de Houck","url":"https:\/\/mikedehouck.nl\/","logo":{"@type":"ImageObject","inLanguage":"de","@id":"https:\/\/mikedehouck.nl\/#\/schema\/logo\/image\/","url":"https:\/\/mikedehouck.nl\/wp-content\/uploads\/2015\/11\/Logo-Mike-de-Houck.jpg","contentUrl":"https:\/\/mikedehouck.nl\/wp-content\/uploads\/2015\/11\/Logo-Mike-de-Houck.jpg","width":877,"height":298,"caption":"Visgroothandel Mike de Houck"},"image":{"@id":"https:\/\/mikedehouck.nl\/#\/schema\/logo\/image\/"},"sameAs":["https:\/\/www.facebook.com\/Vishandel-Mike-de-Houck-314775522256667\/"]}]}},"_links":{"self":[{"href":"https:\/\/mikedehouck.nl\/de\/wp-json\/wp\/v2\/pages\/358\/"}],"collection":[{"href":"https:\/\/mikedehouck.nl\/de\/wp-json\/wp\/v2\/pages\/"}],"about":[{"href":"https:\/\/mikedehouck.nl\/de\/wp-json\/wp\/v2\/types\/page\/"}],"author":[{"embeddable":true,"href":"https:\/\/mikedehouck.nl\/de\/wp-json\/wp\/v2\/users\/2\/"}],"replies":[{"embeddable":true,"href":"https:\/\/mikedehouck.nl\/de\/wp-json\/wp\/v2\/comments\/?post=358"}],"version-history":[{"count":5,"href":"https:\/\/mikedehouck.nl\/de\/wp-json\/wp\/v2\/pages\/358\/revisions\/"}],"predecessor-version":[{"id":4482,"href":"https:\/\/mikedehouck.nl\/de\/wp-json\/wp\/v2\/pages\/358\/revisions\/4482\/"}],"wp:attachment":[{"href":"https:\/\/mikedehouck.nl\/de\/wp-json\/wp\/v2\/media\/?parent=358"}],"curies":[{"name":"wp","href":"https:\/\/api.w.org\/{rel}","templated":true}]}}